{"id":5262,"date":"2024-10-10T20:35:27","date_gmt":"2024-10-11T01:35:27","guid":{"rendered":"https:\/\/corremartin.com\/?post_type=product&#038;p=5262"},"modified":"2024-10-18T14:28:38","modified_gmt":"2024-10-18T19:28:38","slug":"european-ibjjf-jiu-jitsu-championship-17-enero-25-enero-en-portugal-lisboa-2025","status":"publish","type":"product","link":"https:\/\/corremartin.com\/en\/product\/european-ibjjf-jiu-jitsu-championship-17-enero-25-enero-en-portugal-lisboa-2025\/","title":{"rendered":"\u00a1Apoya a Cesar Iv\u00e1n P\u00e9rez rumbo al European IBJJF Jiu Jitsu Championship Portugal &#8211; Lisboa 17 Enero &#8211; 25 Enero 2025!"},"content":{"rendered":"<p>C\u00e9sar Iv\u00e1n P\u00e9rez, uno de los m\u00e1s destacados atletas de Jiu-Jitsu en Panam\u00e1, tiene la incre\u00edble oportunidad de representar a su pa\u00eds; Panam\u00e1, en el <strong>European IBJJF Jiu Jitsu Championship<\/strong> que se celebrar\u00e1 en <strong>Lisboa\u00a0Portugal<\/strong> <strong>en Enero de 2025<\/strong>. Su trayectoria es un testimonio de su dedicaci\u00f3n, perseverancia y pasi\u00f3n por el deporte. \u00a1Pero para que pueda hacer realidad este sue\u00f1o, necesita tu apoyo!<\/p>\n<h4><strong>\u00a0\u00bfQui\u00e9n es C\u00e9sar Iv\u00e1n P\u00e9rez?<\/strong><\/h4>\n<p>Cesar es un deportista de \u00e9lite y coach de Jiu-Jitsu con un impresionante historial de \u00e9xitos:<\/p>\n<p>&#8211; Campe\u00f3n mundial en Sport Jiu Jitsu Federation (Gi y No Gi)<br \/>\n&#8211; Medalla de bronce mundial en la JJIF<br \/>\n&#8211; Dos veces campe\u00f3n suramericano en la categor\u00eda adulto<br \/>\n&#8211; Campe\u00f3n del Caribe adulto<br \/>\n&#8211; Cuatro veces campe\u00f3n panamericano adulto y dos veces campe\u00f3n panamericano master<br \/>\n&#8211; Coach de la Selecci\u00f3n Nacional de Panam\u00e1<br \/>\n&#8211; Director Deportivo de la Uni\u00f3n Panamericana de Jiujitsu (JJIF) en 2022<\/p>\n<p>Adem\u00e1s, Cesar es Head Coach de la academia de Jiu-Jitsu Serpente Panam\u00e1 @serpentepanama, padre de familia, y excelente persona. Cesar es un hombre que se esfuerza en formar atletas de alto nivel competitivo, pero tambi\u00e9n en cultivar personas de bien que puedan contribuir positivamente al mundo. Con un profundo compromiso hacia Dios, su familia y los deportes.<\/p>\n<h4><strong>\u00bfPor qu\u00e9 apoyar a C\u00e9sar?<\/strong><\/h4>\n<p>Este campeonato Europeo es una oportunidad \u00fanica para que C\u00e9sar contin\u00fae representando a Panam\u00e1 en la escena internacional, poniendo en alto la bandera de su pa\u00eds. Su objetivo es alcanzar un nuevo t\u00edtulo y continuar siendo un ejemplo de perseverancia y excelencia deportiva. Adem\u00e1s, C\u00e9sar se dedica a \u00a0formar atletas de alto nivel y fomentar valores positivos \u00a0a trav\u00e9s del deporte.<\/p>\n<h4><strong>\u00bfC\u00f3mo puedes ayudar?<\/strong><\/h4>\n<p>C\u00e9sar necesita cubrir los costos de viaje, alojamiento, inscripci\u00f3n y preparaci\u00f3n para competir en Portugal. Cualquier contribuci\u00f3n, grande o peque\u00f1a, har\u00e1 una gran diferencia en su camino hacia el campeonato. Aqu\u00ed te explicamos c\u00f3mo puedes ayudar:<\/p>\n<p>&#8211; <strong>Donaci\u00f3n directa<\/strong>: Contribuye directamente a la campa\u00f1a con el monto que desees.<br \/>\n&#8211; <strong>Compartir la campa\u00f1a:<\/strong> Ay\u00fadanos a difundir el mensaje compartiendo esta campa\u00f1a en tus redes sociales, entre amigos y familiares.<br \/>\n&#8211; <strong>Patrocinio corporativo:<\/strong> Si representas a una empresa, considera apoyar a C\u00e9sar con patrocinio. \u00a1Nos encantar\u00eda reconocer tu apoyo antes, durante, y despu\u00e9s de su competici\u00f3n en nuestras redes sociales!<\/p>\n<h4><strong>\u00bfD\u00f3nde contribuir?<\/strong><\/h4>\n<p>C\u00e9sar Iv\u00e1n P\u00e9rez<br \/>\nBanco General<br \/>\nCuenta de ahorro<br \/>\n04-74-01-551190-0<\/p>\n<p><strong>Yappy <\/strong>6775-7566<\/p>\n<p>\u00bf<strong>Quieres apoyar con tu tarjeta de cr\u00e9dito\u00a0desde cualquier lugar del mundo?<br \/>\n<\/strong><\/p>\n<p>Puedes apoyar directamente a Cesar AQUI:\u00a0<strong><br \/>\n<\/strong><\/p>\n<p><strong><a href=\"https:\/\/cuanto.app\/cesarivanperez\">https:\/\/cuanto.app\/cesarivanperez<\/a><br \/>\n<\/strong><\/p>\n<p><strong>\u00bfPor qu\u00e9 hemos creado esta campa\u00f1a en Corremartin?<\/strong><\/p>\n<p>Conocemos a C\u00e9sar P\u00e9rez, sabemos el gran aporte que ha hecho y hace en la comunidad de artes marciales en Panam\u00e1 y en la regi\u00f3n, hemos apoyado a atletas de su academia Serpente @serpentepanama. Adem\u00e1s, entendemos las necesidades econ\u00f3micas que tienen los atletas para poder participar en eventos internacionales.<\/p>\n<h4><strong>\u00danete al equipo de C\u00e9sar<\/strong><\/h4>\n<p>Tu apoyo no solo ayudar\u00e1 a C\u00e9sar a competir, sino tambi\u00e9n a continuar su misi\u00f3n de inspirar y formar a la pr\u00f3xima generaci\u00f3n de atletas en Panam\u00e1.<\/p>\n<p><strong>\u00a1Hagamos que C\u00e9sar llegue a Portugal y traiga el t\u00edtulo a casa! \u00a1Gracias por ser parte de este sue\u00f1o!<\/strong><\/p>\n<p>Informacion personal de Cesar<\/p>\n<p>Instagram personal de Cesar <strong>@Themorrisbjj<\/strong><br \/>\nInstagram Serpente Panam\u00e1 <strong>@serpentepanama<\/strong><br \/>\nTelefono <strong>+507 6775-7566<\/strong><\/p>\n<p>Links para informaci\u00f3n acerca del evento<br \/>\nhttps:\/\/ibjjf.com\/events\/european-ibjjf-jiu-jitsu-championship-2025<\/p>","protected":false},"excerpt":{"rendered":"<p>\u00a1Apoya a C\u00e9sar Iv\u00e1n P\u00e9rez, campe\u00f3n de Jiu-Jitsu y orgullo paname\u00f1o, en su camino al European IBJJF Jiu Jitsu Championship 17 Enero &#8211; 25 Enero en Portugal 2025!! Con tu ayuda, C\u00e9sar puede representar a Panam\u00e1 y traer el t\u00edtulo a casa. Contribuye y s\u00e9 parte de este sue\u00f1o deportivo. \u00a1Gracias por tu apoyo!<\/p>\n<p><iframe width=\"450\" height=\"800\"\nsrc=\"https:\/\/www.youtube.com\/embed\/SF98uUi7mvY\"\ntitle=\"YouTube video player\"\nframeborder=\"0\"\nallow=\"accelerometer; autoplay; clipboard-write; encrypted-media; gyroscope; picture-in-picture; web-share\"\nallowfullscreen><\/iframe><\/p>","protected":false},"featured_media":5228,"template":"","meta":{"om_disable_all_campaigns":false,"_monsterinsights_skip_tracking":false,"_monsterinsights_sitenote_active":false,"_monsterinsights_sitenote_note":"","_monsterinsights_sitenote_category":0},"product_cat":[122,292],"product_tag":[293,299,295,297,296,194,294,298],"class_list":["post-5262","product","type-product","status-publish","has-post-thumbnail","hentry","product_cat-sin-categorizar","product_cat-cesar-perez","product_tag-artes-marciales","product_tag-atletas-de-alto-rendimiento","product_tag-deporte","product_tag-deporte-latinoamericano","product_tag-deporte-panama","product_tag-deportes","product_tag-jiu-jitsu","product_tag-mundial-de-jiu-jitsu"],"acf":[],"aioseo_notices":[],"_links":{"self":[{"href":"https:\/\/corremartin.com\/en\/wp-json\/wp\/v2\/product\/5262","targetHints":{"allow":["GET"]}}],"collection":[{"href":"https:\/\/corremartin.com\/en\/wp-json\/wp\/v2\/product"}],"about":[{"href":"https:\/\/corremartin.com\/en\/wp-json\/wp\/v2\/types\/product"}],"wp:featuredmedia":[{"embeddable":true,"href":"https:\/\/corremartin.com\/en\/wp-json\/wp\/v2\/media\/5228"}],"wp:attachment":[{"href":"https:\/\/corremartin.com\/en\/wp-json\/wp\/v2\/media?parent=5262"}],"wp:term":[{"taxonomy":"product_cat","embeddable":true,"href":"https:\/\/corremartin.com\/en\/wp-json\/wp\/v2\/product_cat?post=5262"},{"taxonomy":"product_tag","embeddable":true,"href":"https:\/\/corremartin.com\/en\/wp-json\/wp\/v2\/product_tag?post=5262"}],"curies":[{"name":"wp","href":"https:\/\/api.w.org\/{rel}","templated":true}]}}