{"id":4787,"date":"2023-11-08T16:12:22","date_gmt":"2023-11-08T21:12:22","guid":{"rendered":"https:\/\/corremartin.com\/?page_id=4787"},"modified":"2023-11-08T16:58:57","modified_gmt":"2023-11-08T21:58:57","slug":"yovanis-decroz","status":"publish","type":"page","link":"https:\/\/corremartin.com\/en\/atletas-corremartin\/yovanis-decroz\/","title":{"rendered":"Yovanis Decroz"},"content":{"rendered":"<div data-elementor-type=\"wp-page\" data-elementor-id=\"4787\" class=\"elementor elementor-4787\" data-elementor-post-type=\"page\">\n\t\t\t\t\t\t\t\t\t<section class=\"elementor-section elementor-top-section elementor-element elementor-element-6ee4cf0 elementor-section-full_width elementor-section-height-min-height elementor-section-content-middle elementor-section-stretched elementor-section-height-default elementor-section-items-middle\" data-id=\"6ee4cf0\" data-element_type=\"section\" data-settings=\"{&quot;stretch_section&quot;:&quot;section-stretched&quot;,&quot;background_background&quot;:&quot;classic&quot;}\">\n\t\t\t\t\t\t<div class=\"elementor-container elementor-column-gap-default\">\n\t\t\t\t\t<div class=\"elementor-column elementor-col-100 elementor-top-column elementor-element elementor-element-7d81df1 person-hero-view__media\" data-id=\"7d81df1\" data-element_type=\"column\" id=\"lacomlumna\">\n\t\t\t<div class=\"elementor-widget-wrap elementor-element-populated\">\n\t\t\t\t\t\t\t\t<div class=\"elementor-element elementor-element-4ba9c53 elementor-widget elementor-widget-spacer\" data-id=\"4ba9c53\" data-element_type=\"widget\" id=\"espaciador\" data-widget_type=\"spacer.default\">\n\t\t\t\t<div class=\"elementor-widget-container\">\n\t\t\t<style>\/*! elementor - v3.16.0 - 14-09-2023 *\/\n.elementor-column .elementor-spacer-inner{height:var(--spacer-size)}.e-con{--container-widget-width:100%}.e-con-inner>.elementor-widget-spacer,.e-con>.elementor-widget-spacer{width:var(--container-widget-width,var(--spacer-size));--align-self:var(--container-widget-align-self,initial);--flex-shrink:0}.e-con-inner>.elementor-widget-spacer>.elementor-widget-container,.e-con>.elementor-widget-spacer>.elementor-widget-container{height:100%;width:100%}.e-con-inner>.elementor-widget-spacer>.elementor-widget-container>.elementor-spacer,.e-con>.elementor-widget-spacer>.elementor-widget-container>.elementor-spacer{height:100%}.e-con-inner>.elementor-widget-spacer>.elementor-widget-container>.elementor-spacer>.elementor-spacer-inner,.e-con>.elementor-widget-spacer>.elementor-widget-container>.elementor-spacer>.elementor-spacer-inner{height:var(--container-widget-height,var(--spacer-size))}.e-con-inner>.elementor-widget-spacer.elementor-widget-empty,.e-con>.elementor-widget-spacer.elementor-widget-empty{position:relative;min-height:22px;min-width:22px}.e-con-inner>.elementor-widget-spacer.elementor-widget-empty .elementor-widget-empty-icon,.e-con>.elementor-widget-spacer.elementor-widget-empty .elementor-widget-empty-icon{position:absolute;top:0;bottom:0;left:0;right:0;margin:auto;padding:0;width:22px;height:22px}<\/style>\t\t<div class=\"elementor-spacer\">\n\t\t\t<div class=\"elementor-spacer-inner\"><\/div>\n\t\t<\/div>\n\t\t\t\t<\/div>\n\t\t\t\t<\/div>\n\t\t\t\t\t<\/div>\n\t\t<\/div>\n\t\t\t\t\t\t\t<\/div>\n\t\t<\/section>\n\t\t\t\t<section class=\"elementor-section elementor-top-section elementor-element elementor-element-aeb0365 elementor-section-boxed elementor-section-height-default elementor-section-height-default\" data-id=\"aeb0365\" data-element_type=\"section\" data-settings=\"{&quot;background_background&quot;:&quot;classic&quot;}\">\n\t\t\t\t\t\t<div class=\"elementor-container elementor-column-gap-default\">\n\t\t\t\t\t<div class=\"elementor-column elementor-col-100 elementor-top-column elementor-element elementor-element-ce99d44\" data-id=\"ce99d44\" data-element_type=\"column\">\n\t\t\t<div class=\"elementor-widget-wrap elementor-element-populated\">\n\t\t\t\t\t\t\t\t<section class=\"elementor-section elementor-inner-section elementor-element elementor-element-fd38763 elementor-section-full_width elementor-section-height-default elementor-section-height-default\" data-id=\"fd38763\" data-element_type=\"section\">\n\t\t\t\t\t\t<div class=\"elementor-container elementor-column-gap-default\">\n\t\t\t\t\t<div class=\"elementor-column elementor-col-50 elementor-inner-column elementor-element elementor-element-72fc709\" data-id=\"72fc709\" data-element_type=\"column\">\n\t\t\t<div class=\"elementor-widget-wrap elementor-element-populated\">\n\t\t\t\t\t\t\t\t<div class=\"elementor-element elementor-element-97a3d43 person-hero-view__avatar elementor-widget-mobile__width-initial elementor-widget elementor-widget-image\" data-id=\"97a3d43\" data-element_type=\"widget\" data-widget_type=\"image.default\">\n\t\t\t\t<div class=\"elementor-widget-container\">\n\t\t\t<style>\/*! elementor - v3.16.0 - 14-09-2023 *\/\n.elementor-widget-image{text-align:center}.elementor-widget-image a{display:inline-block}.elementor-widget-image a img[src$=\".svg\"]{width:48px}.elementor-widget-image img{vertical-align:middle;display:inline-block}<\/style>\t\t\t\t\t\t\t\t\t\t\t\t<img loading=\"lazy\" decoding=\"async\" width=\"479\" height=\"479\" src=\"https:\/\/corremartin.com\/wp-content\/uploads\/2023\/11\/corremartin-Yovanis-Decroz-BIO.jpg\" class=\"attachment-large size-large wp-image-4796\" alt=\"\" srcset=\"https:\/\/corremartin.com\/wp-content\/uploads\/2023\/11\/corremartin-Yovanis-Decroz-BIO.jpg 479w, https:\/\/corremartin.com\/wp-content\/uploads\/2023\/11\/corremartin-Yovanis-Decroz-BIO-300x300.jpg 300w, https:\/\/corremartin.com\/wp-content\/uploads\/2023\/11\/corremartin-Yovanis-Decroz-BIO-150x150.jpg 150w, https:\/\/corremartin.com\/wp-content\/uploads\/2023\/11\/corremartin-Yovanis-Decroz-BIO-12x12.jpg 12w, https:\/\/corremartin.com\/wp-content\/uploads\/2023\/11\/corremartin-Yovanis-Decroz-BIO-100x100.jpg 100w, https:\/\/corremartin.com\/wp-content\/uploads\/2023\/11\/corremartin-Yovanis-Decroz-BIO-50x50.jpg 50w, https:\/\/corremartin.com\/wp-content\/uploads\/2023\/11\/corremartin-Yovanis-Decroz-BIO-45x45.jpg 45w\" sizes=\"auto, (max-width: 479px) 100vw, 479px\" \/>\t\t\t\t\t\t\t\t\t\t\t\t\t\t\t<\/div>\n\t\t\t\t<\/div>\n\t\t\t\t\t<\/div>\n\t\t<\/div>\n\t\t\t\t<div class=\"elementor-column elementor-col-50 elementor-inner-column elementor-element elementor-element-6e77096\" data-id=\"6e77096\" data-element_type=\"column\">\n\t\t\t<div class=\"elementor-widget-wrap elementor-element-populated\">\n\t\t\t\t\t\t\t\t<div class=\"elementor-element elementor-element-4edf931 athleteName elementor-widget__width-initial elementor-widget-mobile__width-initial elementor-widget elementor-widget-heading\" data-id=\"4edf931\" data-element_type=\"widget\" data-widget_type=\"heading.default\">\n\t\t\t\t<div class=\"elementor-widget-container\">\n\t\t\t<style>\/*! elementor - v3.16.0 - 14-09-2023 *\/\n.elementor-heading-title{padding:0;margin:0;line-height:1}.elementor-widget-heading .elementor-heading-title[class*=elementor-size-]>a{color:inherit;font-size:inherit;line-height:inherit}.elementor-widget-heading .elementor-heading-title.elementor-size-small{font-size:15px}.elementor-widget-heading .elementor-heading-title.elementor-size-medium{font-size:19px}.elementor-widget-heading .elementor-heading-title.elementor-size-large{font-size:29px}.elementor-widget-heading .elementor-heading-title.elementor-size-xl{font-size:39px}.elementor-widget-heading .elementor-heading-title.elementor-size-xxl{font-size:59px}<\/style><h2 class=\"elementor-heading-title elementor-size-default\">Yovanis Decroz<\/h2>\t\t<\/div>\n\t\t\t\t<\/div>\n\t\t\t\t<div class=\"elementor-element elementor-element-57d9902 elementor-widget elementor-widget-text-editor\" data-id=\"57d9902\" data-element_type=\"widget\" data-widget_type=\"text-editor.default\">\n\t\t\t\t<div class=\"elementor-widget-container\">\n\t\t\t<style>\/*! elementor - v3.16.0 - 14-09-2023 *\/\n.elementor-widget-text-editor.elementor-drop-cap-view-stacked .elementor-drop-cap{background-color:#69727d;color:#fff}.elementor-widget-text-editor.elementor-drop-cap-view-framed .elementor-drop-cap{color:#69727d;border:3px solid;background-color:transparent}.elementor-widget-text-editor:not(.elementor-drop-cap-view-default) .elementor-drop-cap{margin-top:8px}.elementor-widget-text-editor:not(.elementor-drop-cap-view-default) .elementor-drop-cap-letter{width:1em;height:1em}.elementor-widget-text-editor .elementor-drop-cap{float:left;text-align:center;line-height:1;font-size:50px}.elementor-widget-text-editor .elementor-drop-cap-letter{display:inline-block}<\/style>\t\t\t\t<p>Mixed Martial Arts<\/p>\t\t\t\t\t\t<\/div>\n\t\t\t\t<\/div>\n\t\t\t\t\t<\/div>\n\t\t<\/div>\n\t\t\t\t\t\t\t<\/div>\n\t\t<\/section>\n\t\t\t\t\t<\/div>\n\t\t<\/div>\n\t\t\t\t\t\t\t<\/div>\n\t\t<\/section>\n\t\t\t\t<section class=\"elementor-section elementor-top-section elementor-element elementor-element-6ebbed6 elementor-section-boxed elementor-section-height-default elementor-section-height-default\" data-id=\"6ebbed6\" data-element_type=\"section\" data-settings=\"{&quot;background_background&quot;:&quot;classic&quot;}\">\n\t\t\t\t\t\t<div class=\"elementor-container elementor-column-gap-default\">\n\t\t\t\t\t<div class=\"elementor-column elementor-col-100 elementor-top-column elementor-element elementor-element-fe9d9e2\" data-id=\"fe9d9e2\" data-element_type=\"column\">\n\t\t\t<div class=\"elementor-widget-wrap elementor-element-populated\">\n\t\t\t\t\t\t\t\t<div class=\"elementor-element elementor-element-8d9a2e8 elementor-widget__width-inherit elementor-widget elementor-widget-text-editor\" data-id=\"8d9a2e8\" data-element_type=\"widget\" data-widget_type=\"text-editor.default\">\n\t\t\t\t<div class=\"elementor-widget-container\">\n\t\t\t\t\t\t\t<p>The biography of Yovanis Decroz, the distinguished Mixed Martial Arts fighter from Panama, is a story of dedication, achievements, and versatility in the world of combat. With an impressive list of titles earned throughout his career, Yovanis has secured a prominent place in the martial arts and proudly represented his country in national and international competitions.<\/p>\t\t\t\t\t\t<\/div>\n\t\t\t\t<\/div>\n\t\t\t\t<section class=\"elementor-section elementor-inner-section elementor-element elementor-element-5c80afb tableAthlete elementor-section-boxed elementor-section-height-default elementor-section-height-default\" data-id=\"5c80afb\" data-element_type=\"section\">\n\t\t\t\t\t\t<div class=\"elementor-container elementor-column-gap-default\">\n\t\t\t\t\t<div class=\"elementor-column elementor-col-50 elementor-inner-column elementor-element elementor-element-3fa43dd\" data-id=\"3fa43dd\" data-element_type=\"column\">\n\t\t\t<div class=\"elementor-widget-wrap elementor-element-populated\">\n\t\t\t\t\t\t\t\t<div class=\"elementor-element elementor-element-a8b3a8e Facts elementor-widget elementor-widget-text-editor\" data-id=\"a8b3a8e\" data-element_type=\"widget\" data-widget_type=\"text-editor.default\">\n\t\t\t\t<div class=\"elementor-widget-container\">\n\t\t\t\t\t\t\t<div>Date of Birth<\/div><div>25 August 1999<\/div>\t\t\t\t\t\t<\/div>\n\t\t\t\t<\/div>\n\t\t\t\t<div class=\"elementor-element elementor-element-b858521 Facts elementor-widget elementor-widget-text-editor\" data-id=\"b858521\" data-element_type=\"widget\" data-widget_type=\"text-editor.default\">\n\t\t\t\t<div class=\"elementor-widget-container\">\n\t\t\t\t\t\t\t<div>Age<\/div><div>24<\/div>\t\t\t\t\t\t<\/div>\n\t\t\t\t<\/div>\n\t\t\t\t<div class=\"elementor-element elementor-element-4f1a0ff Facts elementor-widget elementor-widget-text-editor\" data-id=\"4f1a0ff\" data-element_type=\"widget\" data-widget_type=\"text-editor.default\">\n\t\t\t\t<div class=\"elementor-widget-container\">\n\t\t\t\t\t\t\t<div>Career Start<\/div><div>2016<\/div>\t\t\t\t\t\t<\/div>\n\t\t\t\t<\/div>\n\t\t\t\t\t<\/div>\n\t\t<\/div>\n\t\t\t\t<div class=\"elementor-column elementor-col-50 elementor-inner-column elementor-element elementor-element-631ffef\" data-id=\"631ffef\" data-element_type=\"column\">\n\t\t\t<div class=\"elementor-widget-wrap elementor-element-populated\">\n\t\t\t\t\t\t\t\t<div class=\"elementor-element elementor-element-692c008 Facts elementor-widget elementor-widget-text-editor\" data-id=\"692c008\" data-element_type=\"widget\" data-widget_type=\"text-editor.default\">\n\t\t\t\t<div class=\"elementor-widget-container\">\n\t\t\t\t\t\t\t<div>Place of Birth<\/div><div>Panama<\/div>\t\t\t\t\t\t<\/div>\n\t\t\t\t<\/div>\n\t\t\t\t<div class=\"elementor-element elementor-element-45968be Facts elementor-widget elementor-widget-text-editor\" data-id=\"45968be\" data-element_type=\"widget\" data-widget_type=\"text-editor.default\">\n\t\t\t\t<div class=\"elementor-widget-container\">\n\t\t\t\t\t\t\t<div>Nationality<\/div><div>Panama<\/div>\t\t\t\t\t\t<\/div>\n\t\t\t\t<\/div>\n\t\t\t\t<div class=\"elementor-element elementor-element-88ec9d7 Facts elementor-widget elementor-widget-text-editor\" data-id=\"88ec9d7\" data-element_type=\"widget\" data-widget_type=\"text-editor.default\">\n\t\t\t\t<div class=\"elementor-widget-container\">\n\t\t\t\t\t\t\t<div>Discipline<\/div><div>Mixed Martial Arts<\/div>\t\t\t\t\t\t<\/div>\n\t\t\t\t<\/div>\n\t\t\t\t\t<\/div>\n\t\t<\/div>\n\t\t\t\t\t\t\t<\/div>\n\t\t<\/section>\n\t\t\t\t<div class=\"elementor-element elementor-element-52785d0 elementor-widget elementor-widget-spacer\" data-id=\"52785d0\" data-element_type=\"widget\" data-widget_type=\"spacer.default\">\n\t\t\t\t<div class=\"elementor-widget-container\">\n\t\t\t\t\t<div class=\"elementor-spacer\">\n\t\t\t<div class=\"elementor-spacer-inner\"><\/div>\n\t\t<\/div>\n\t\t\t\t<\/div>\n\t\t\t\t<\/div>\n\t\t\t\t<div class=\"elementor-element elementor-element-6ce321c elementor-widget__width-inherit elementor-widget elementor-widget-text-editor\" data-id=\"6ce321c\" data-element_type=\"widget\" data-widget_type=\"text-editor.default\">\n\t\t\t\t<div class=\"elementor-widget-container\">\n\t\t\t\t\t\t\t<p>Among the titles earned throughout his career, the following stand out:<\/p><p><strong>Latin American Champion in Mixed Martial Arts\u00a0<\/strong>Yovanis Decroz has reached the pinnacle in the field of Mixed Martial Arts, being recognized as the Latin American Champion in this discipline. His dedication, skill, and determination have led him to achieve this prestigious title.<\/p><p><strong>Brazilian Jiu-Jitsu Champion:<\/strong> In addition to his success in MMA, Yovanis has demonstrated his mastery in Brazilian Jiu-Jitsu. His expertise in this form of combat has led to the attainment of the title of Champion in this discipline, showcasing his versatility in the world of martial arts.<\/p><p><strong>Japanese Ne-Waza Jiu-Jitsu Champion:<\/strong> Yovanis Decroz has taken his talent to Japanese soil, where he has achieved the title of Champion in Japanese Ne-Waza Jiu-Jitsu. This accomplishment is a testament to his skill and his ability to adapt to different styles of combat.<\/p><p><strong>Boxing Champion:<\/strong> His skill is not limited to grappling disciplines, as Yovanis has also achieved the title of Champion in the noble art of boxing. His ability to blend different fighting styles has made him a formidable competitor in the ring.<\/p><p><strong>Kickboxing Champion:<\/strong> Kickboxing is another discipline in which Yovanis has shone. His aggression and precision in his attacks have earned him the title of Kickboxing Champion.<\/p><p><strong>Runner-up in Wrestling:<\/strong> Despite his success in the mentioned disciplines, Yovanis Decroz has proven to be a strong competitor in wrestling. His second place in a wrestling competition is a testament to his skill in this discipline.<\/p><p><strong>Central American Runner-up in Mixed Martial Arts:<\/strong> At the regional level, Yovanis has achieved the title of Central American Runner-up in Mixed Martial Arts. His dedication and effort in this regional competition have positioned him as one of the best in the region.<\/p><p>Yovanis Decroz's career is a testament to his dedication and versatility in martial arts. His legacy will endure as a reference in the world of MMA and will serve as an inspiration for future generations of Panamanian and worldwide fighters. His contribution to the combat sport is a source of pride for his country, Panama.<\/p><p>Location: Panama\u00a0<br \/>Instagram: @yovanisdecroz<\/p>\t\t\t\t\t\t<\/div>\n\t\t\t\t<\/div>\n\t\t\t\t<div class=\"elementor-element elementor-element-aa827b8 elementor-widget elementor-widget-spacer\" data-id=\"aa827b8\" data-element_type=\"widget\" data-widget_type=\"spacer.default\">\n\t\t\t\t<div class=\"elementor-widget-container\">\n\t\t\t\t\t<div class=\"elementor-spacer\">\n\t\t\t<div class=\"elementor-spacer-inner\"><\/div>\n\t\t<\/div>\n\t\t\t\t<\/div>\n\t\t\t\t<\/div>\n\t\t\t\t<div class=\"elementor-element elementor-element-1bc69f8 elementor-widget elementor-widget-heading\" data-id=\"1bc69f8\" data-element_type=\"widget\" data-widget_type=\"heading.default\">\n\t\t\t\t<div class=\"elementor-widget-container\">\n\t\t\t<h2 class=\"elementor-heading-title elementor-size-default\">support Yovanis Decroz<\/h2>\t\t<\/div>\n\t\t\t\t<\/div>\n\t\t\t\t<div class=\"elementor-element elementor-element-68231ce elementor-grid-1 elementor-grid-tablet-1 elementor-grid-mobile-1 elementor-widget__width-initial elementor-products-grid elementor-wc-products elementor-widget elementor-widget-woocommerce-products\" data-id=\"68231ce\" data-element_type=\"widget\" data-widget_type=\"woocommerce-products.default\">\n\t\t\t\t<div class=\"elementor-widget-container\">\n\t\t\t<link rel=\"stylesheet\" href=\"https:\/\/corremartin.com\/wp-content\/plugins\/elementor-pro\/assets\/css\/widget-woocommerce.min.css\"><div class=\"woocommerce columns-1\"><ul class=\"products elementor-grid columns-1\">\n<li class=\"product type-product post-5262 status-publish first instock product_cat-cesar-perez product_cat-sin-categorizar product_tag-artes-marciales product_tag-atletas-de-alto-rendimiento product_tag-deporte product_tag-deporte-latinoamericano product_tag-deporte-panama product_tag-deportes product_tag-jiu-jitsu product_tag-mundial-de-jiu-jitsu has-post-thumbnail shipping-taxable product-type-simple\">\n\t<\/li>\n<\/ul>\n<\/div>\t\t<\/div>\n\t\t\t\t<\/div>\n\t\t\t\t\t<\/div>\n\t\t<\/div>\n\t\t\t\t\t\t\t<\/div>\n\t\t<\/section>\n\t\t\t\t\t\t\t<\/div>","protected":false},"excerpt":{"rendered":"<p>Yovanis Decroz Artes marciales Mixtas La biograf\u00eda de Yovanis Decroz, el distinguido peleador de artes marciales mixtas de Panam\u00e1, es un relato de dedicaci\u00f3n, logros y versatilidad en el mundo del combate. Con una lista impresionante de t\u00edtulos obtenidos a lo largo de su carrera, Yovanis se ha ganado un lugar destacado en las artes [&hellip;]<\/p>","protected":false},"author":2,"featured_media":4796,"parent":2113,"menu_order":-1,"comment_status":"closed","ping_status":"closed","template":"page-templates\/full-width-page.php","meta":{"om_disable_all_campaigns":false,"_monsterinsights_skip_tracking":false,"_monsterinsights_sitenote_active":false,"_monsterinsights_sitenote_note":"","_monsterinsights_sitenote_category":0,"footnotes":""},"categories":[133],"tags":[168,264,221,129,265],"class_list":["post-4787","page","type-page","status-publish","has-post-thumbnail","hentry","category-atletas","tag-apoyo-a-atletas","tag-artes-marciales-mixtas","tag-deportistas","tag-panama","tag-patrocinio-a-deportistas"],"acf":[],"aioseo_notices":[],"_links":{"self":[{"href":"https:\/\/corremartin.com\/en\/wp-json\/wp\/v2\/pages\/4787","targetHints":{"allow":["GET"]}}],"collection":[{"href":"https:\/\/corremartin.com\/en\/wp-json\/wp\/v2\/pages"}],"about":[{"href":"https:\/\/corremartin.com\/en\/wp-json\/wp\/v2\/types\/page"}],"author":[{"embeddable":true,"href":"https:\/\/corremartin.com\/en\/wp-json\/wp\/v2\/users\/2"}],"replies":[{"embeddable":true,"href":"https:\/\/corremartin.com\/en\/wp-json\/wp\/v2\/comments?post=4787"}],"version-history":[{"count":9,"href":"https:\/\/corremartin.com\/en\/wp-json\/wp\/v2\/pages\/4787\/revisions"}],"predecessor-version":[{"id":4809,"href":"https:\/\/corremartin.com\/en\/wp-json\/wp\/v2\/pages\/4787\/revisions\/4809"}],"up":[{"embeddable":true,"href":"https:\/\/corremartin.com\/en\/wp-json\/wp\/v2\/pages\/2113"}],"wp:featuredmedia":[{"embeddable":true,"href":"https:\/\/corremartin.com\/en\/wp-json\/wp\/v2\/media\/4796"}],"wp:attachment":[{"href":"https:\/\/corremartin.com\/en\/wp-json\/wp\/v2\/media?parent=4787"}],"wp:term":[{"taxonomy":"category","embeddable":true,"href":"https:\/\/corremartin.com\/en\/wp-json\/wp\/v2\/categories?post=4787"},{"taxonomy":"post_tag","embeddable":true,"href":"https:\/\/corremartin.com\/en\/wp-json\/wp\/v2\/tags?post=4787"}],"curies":[{"name":"wp","href":"https:\/\/api.w.org\/{rel}","templated":true}]}}