{"id":4570,"date":"2023-10-13T16:58:57","date_gmt":"2023-10-13T21:58:57","guid":{"rendered":"https:\/\/corremartin.com\/?page_id=4570"},"modified":"2023-10-18T12:37:05","modified_gmt":"2023-10-18T17:37:05","slug":"jose-lopez-surf-en-panama","status":"publish","type":"page","link":"https:\/\/corremartin.com\/en\/atletas-corremartin\/jose-lopez-surf-en-panama\/","title":{"rendered":"Jose Lopez"},"content":{"rendered":"<div data-elementor-type=\"wp-page\" data-elementor-id=\"4570\" class=\"elementor elementor-4570\" data-elementor-post-type=\"page\">\n\t\t\t\t\t\t\t\t\t<section class=\"elementor-section elementor-top-section elementor-element elementor-element-6ee4cf0 elementor-section-full_width elementor-section-height-min-height elementor-section-content-middle elementor-section-stretched elementor-section-height-default elementor-section-items-middle\" data-id=\"6ee4cf0\" data-element_type=\"section\" data-settings=\"{&quot;stretch_section&quot;:&quot;section-stretched&quot;,&quot;background_background&quot;:&quot;classic&quot;}\">\n\t\t\t\t\t\t<div class=\"elementor-container elementor-column-gap-default\">\n\t\t\t\t\t<div class=\"elementor-column elementor-col-100 elementor-top-column elementor-element elementor-element-7d81df1 person-hero-view__media\" data-id=\"7d81df1\" data-element_type=\"column\" id=\"lacomlumna\">\n\t\t\t<div class=\"elementor-widget-wrap elementor-element-populated\">\n\t\t\t\t\t\t\t\t<div class=\"elementor-element elementor-element-4ba9c53 elementor-widget elementor-widget-spacer\" data-id=\"4ba9c53\" data-element_type=\"widget\" id=\"espaciador\" data-widget_type=\"spacer.default\">\n\t\t\t\t<div class=\"elementor-widget-container\">\n\t\t\t<style>\/*! elementor - v3.16.0 - 14-09-2023 *\/\n.elementor-column .elementor-spacer-inner{height:var(--spacer-size)}.e-con{--container-widget-width:100%}.e-con-inner>.elementor-widget-spacer,.e-con>.elementor-widget-spacer{width:var(--container-widget-width,var(--spacer-size));--align-self:var(--container-widget-align-self,initial);--flex-shrink:0}.e-con-inner>.elementor-widget-spacer>.elementor-widget-container,.e-con>.elementor-widget-spacer>.elementor-widget-container{height:100%;width:100%}.e-con-inner>.elementor-widget-spacer>.elementor-widget-container>.elementor-spacer,.e-con>.elementor-widget-spacer>.elementor-widget-container>.elementor-spacer{height:100%}.e-con-inner>.elementor-widget-spacer>.elementor-widget-container>.elementor-spacer>.elementor-spacer-inner,.e-con>.elementor-widget-spacer>.elementor-widget-container>.elementor-spacer>.elementor-spacer-inner{height:var(--container-widget-height,var(--spacer-size))}.e-con-inner>.elementor-widget-spacer.elementor-widget-empty,.e-con>.elementor-widget-spacer.elementor-widget-empty{position:relative;min-height:22px;min-width:22px}.e-con-inner>.elementor-widget-spacer.elementor-widget-empty .elementor-widget-empty-icon,.e-con>.elementor-widget-spacer.elementor-widget-empty .elementor-widget-empty-icon{position:absolute;top:0;bottom:0;left:0;right:0;margin:auto;padding:0;width:22px;height:22px}<\/style>\t\t<div class=\"elementor-spacer\">\n\t\t\t<div class=\"elementor-spacer-inner\"><\/div>\n\t\t<\/div>\n\t\t\t\t<\/div>\n\t\t\t\t<\/div>\n\t\t\t\t\t<\/div>\n\t\t<\/div>\n\t\t\t\t\t\t\t<\/div>\n\t\t<\/section>\n\t\t\t\t<section class=\"elementor-section elementor-top-section elementor-element elementor-element-aeb0365 elementor-section-boxed elementor-section-height-default elementor-section-height-default\" data-id=\"aeb0365\" data-element_type=\"section\" data-settings=\"{&quot;background_background&quot;:&quot;classic&quot;}\">\n\t\t\t\t\t\t<div class=\"elementor-container elementor-column-gap-default\">\n\t\t\t\t\t<div class=\"elementor-column elementor-col-100 elementor-top-column elementor-element elementor-element-ce99d44\" data-id=\"ce99d44\" data-element_type=\"column\">\n\t\t\t<div class=\"elementor-widget-wrap elementor-element-populated\">\n\t\t\t\t\t\t\t\t<section class=\"elementor-section elementor-inner-section elementor-element elementor-element-fd38763 elementor-section-full_width elementor-section-height-default elementor-section-height-default\" data-id=\"fd38763\" data-element_type=\"section\">\n\t\t\t\t\t\t<div class=\"elementor-container elementor-column-gap-default\">\n\t\t\t\t\t<div class=\"elementor-column elementor-col-50 elementor-inner-column elementor-element elementor-element-72fc709\" data-id=\"72fc709\" data-element_type=\"column\">\n\t\t\t<div class=\"elementor-widget-wrap elementor-element-populated\">\n\t\t\t\t\t\t\t\t<div class=\"elementor-element elementor-element-97a3d43 person-hero-view__avatar elementor-widget-mobile__width-initial elementor-widget elementor-widget-image\" data-id=\"97a3d43\" data-element_type=\"widget\" data-widget_type=\"image.default\">\n\t\t\t\t<div class=\"elementor-widget-container\">\n\t\t\t<style>\/*! elementor - v3.16.0 - 14-09-2023 *\/\n.elementor-widget-image{text-align:center}.elementor-widget-image a{display:inline-block}.elementor-widget-image a img[src$=\".svg\"]{width:48px}.elementor-widget-image img{vertical-align:middle;display:inline-block}<\/style>\t\t\t\t\t\t\t\t\t\t\t\t<img loading=\"lazy\" decoding=\"async\" width=\"956\" height=\"830\" src=\"https:\/\/corremartin.com\/wp-content\/uploads\/2023\/10\/jose-lopez-BIO-PIC.jpg\" class=\"attachment-large size-large wp-image-4574\" alt=\"\" srcset=\"https:\/\/corremartin.com\/wp-content\/uploads\/2023\/10\/jose-lopez-BIO-PIC.jpg 956w, https:\/\/corremartin.com\/wp-content\/uploads\/2023\/10\/jose-lopez-BIO-PIC-300x260.jpg 300w, https:\/\/corremartin.com\/wp-content\/uploads\/2023\/10\/jose-lopez-BIO-PIC-768x667.jpg 768w, https:\/\/corremartin.com\/wp-content\/uploads\/2023\/10\/jose-lopez-BIO-PIC-14x12.jpg 14w, https:\/\/corremartin.com\/wp-content\/uploads\/2023\/10\/jose-lopez-BIO-PIC-600x521.jpg 600w\" sizes=\"auto, (max-width: 956px) 100vw, 956px\" \/>\t\t\t\t\t\t\t\t\t\t\t\t\t\t\t<\/div>\n\t\t\t\t<\/div>\n\t\t\t\t\t<\/div>\n\t\t<\/div>\n\t\t\t\t<div class=\"elementor-column elementor-col-50 elementor-inner-column elementor-element elementor-element-6e77096\" data-id=\"6e77096\" data-element_type=\"column\">\n\t\t\t<div class=\"elementor-widget-wrap elementor-element-populated\">\n\t\t\t\t\t\t\t\t<div class=\"elementor-element elementor-element-4edf931 athleteName elementor-widget__width-initial elementor-widget-mobile__width-initial elementor-widget elementor-widget-heading\" data-id=\"4edf931\" data-element_type=\"widget\" data-widget_type=\"heading.default\">\n\t\t\t\t<div class=\"elementor-widget-container\">\n\t\t\t<style>\/*! elementor - v3.16.0 - 14-09-2023 *\/\n.elementor-heading-title{padding:0;margin:0;line-height:1}.elementor-widget-heading .elementor-heading-title[class*=elementor-size-]>a{color:inherit;font-size:inherit;line-height:inherit}.elementor-widget-heading .elementor-heading-title.elementor-size-small{font-size:15px}.elementor-widget-heading .elementor-heading-title.elementor-size-medium{font-size:19px}.elementor-widget-heading .elementor-heading-title.elementor-size-large{font-size:29px}.elementor-widget-heading .elementor-heading-title.elementor-size-xl{font-size:39px}.elementor-widget-heading .elementor-heading-title.elementor-size-xxl{font-size:59px}<\/style><h2 class=\"elementor-heading-title elementor-size-default\">Jos\u00e9 L\u00f3pez<\/h2>\t\t<\/div>\n\t\t\t\t<\/div>\n\t\t\t\t<div class=\"elementor-element elementor-element-57d9902 elementor-widget elementor-widget-text-editor\" data-id=\"57d9902\" data-element_type=\"widget\" data-widget_type=\"text-editor.default\">\n\t\t\t\t<div class=\"elementor-widget-container\">\n\t\t\t<style>\/*! elementor - v3.16.0 - 14-09-2023 *\/\n.elementor-widget-text-editor.elementor-drop-cap-view-stacked .elementor-drop-cap{background-color:#69727d;color:#fff}.elementor-widget-text-editor.elementor-drop-cap-view-framed .elementor-drop-cap{color:#69727d;border:3px solid;background-color:transparent}.elementor-widget-text-editor:not(.elementor-drop-cap-view-default) .elementor-drop-cap{margin-top:8px}.elementor-widget-text-editor:not(.elementor-drop-cap-view-default) .elementor-drop-cap-letter{width:1em;height:1em}.elementor-widget-text-editor .elementor-drop-cap{float:left;text-align:center;line-height:1;font-size:50px}.elementor-widget-text-editor .elementor-drop-cap-letter{display:inline-block}<\/style>\t\t\t\t<p>Surfing<\/p>\t\t\t\t\t\t<\/div>\n\t\t\t\t<\/div>\n\t\t\t\t\t<\/div>\n\t\t<\/div>\n\t\t\t\t\t\t\t<\/div>\n\t\t<\/section>\n\t\t\t\t\t<\/div>\n\t\t<\/div>\n\t\t\t\t\t\t\t<\/div>\n\t\t<\/section>\n\t\t\t\t<section class=\"elementor-section elementor-top-section elementor-element elementor-element-6ebbed6 elementor-section-boxed elementor-section-height-default elementor-section-height-default\" data-id=\"6ebbed6\" data-element_type=\"section\" data-settings=\"{&quot;background_background&quot;:&quot;classic&quot;}\">\n\t\t\t\t\t\t<div class=\"elementor-container elementor-column-gap-default\">\n\t\t\t\t\t<div class=\"elementor-column elementor-col-100 elementor-top-column elementor-element elementor-element-fe9d9e2\" data-id=\"fe9d9e2\" data-element_type=\"column\">\n\t\t\t<div class=\"elementor-widget-wrap elementor-element-populated\">\n\t\t\t\t\t\t\t\t<div class=\"elementor-element elementor-element-8d9a2e8 elementor-widget__width-inherit elementor-widget elementor-widget-text-editor\" data-id=\"8d9a2e8\" data-element_type=\"widget\" data-widget_type=\"text-editor.default\">\n\t\t\t\t<div class=\"elementor-widget-container\">\n\t\t\t\t\t\t\t<p>Jos\u00e9 L\u00f3pez, a young and talented Panamanian surfer, was born on January 13, 2005. Despite his young age, Jos\u00e9 has already shown dedication and passion for surfing in Panama, which has led him to achieve significant accomplishments in this exciting sport.<\/p>\t\t\t\t\t\t<\/div>\n\t\t\t\t<\/div>\n\t\t\t\t<section class=\"elementor-section elementor-inner-section elementor-element elementor-element-5c80afb tableAthlete elementor-section-boxed elementor-section-height-default elementor-section-height-default\" data-id=\"5c80afb\" data-element_type=\"section\">\n\t\t\t\t\t\t<div class=\"elementor-container elementor-column-gap-default\">\n\t\t\t\t\t<div class=\"elementor-column elementor-col-50 elementor-inner-column elementor-element elementor-element-3fa43dd\" data-id=\"3fa43dd\" data-element_type=\"column\">\n\t\t\t<div class=\"elementor-widget-wrap elementor-element-populated\">\n\t\t\t\t\t\t\t\t<div class=\"elementor-element elementor-element-a8b3a8e Facts elementor-widget elementor-widget-text-editor\" data-id=\"a8b3a8e\" data-element_type=\"widget\" data-widget_type=\"text-editor.default\">\n\t\t\t\t<div class=\"elementor-widget-container\">\n\t\t\t\t\t\t\t<div>Date of Birth<\/div><div>13 de Enero de 2005<\/div>\t\t\t\t\t\t<\/div>\n\t\t\t\t<\/div>\n\t\t\t\t<div class=\"elementor-element elementor-element-b858521 Facts elementor-widget elementor-widget-text-editor\" data-id=\"b858521\" data-element_type=\"widget\" data-widget_type=\"text-editor.default\">\n\t\t\t\t<div class=\"elementor-widget-container\">\n\t\t\t\t\t\t\t<div>Age<\/div><div>18<\/div>\t\t\t\t\t\t<\/div>\n\t\t\t\t<\/div>\n\t\t\t\t<div class=\"elementor-element elementor-element-4f1a0ff Facts elementor-widget elementor-widget-text-editor\" data-id=\"4f1a0ff\" data-element_type=\"widget\" data-widget_type=\"text-editor.default\">\n\t\t\t\t<div class=\"elementor-widget-container\">\n\t\t\t\t\t\t\t<div>Career Start<\/div><div>2015<\/div>\t\t\t\t\t\t<\/div>\n\t\t\t\t<\/div>\n\t\t\t\t\t<\/div>\n\t\t<\/div>\n\t\t\t\t<div class=\"elementor-column elementor-col-50 elementor-inner-column elementor-element elementor-element-631ffef\" data-id=\"631ffef\" data-element_type=\"column\">\n\t\t\t<div class=\"elementor-widget-wrap elementor-element-populated\">\n\t\t\t\t\t\t\t\t<div class=\"elementor-element elementor-element-692c008 Facts elementor-widget elementor-widget-text-editor\" data-id=\"692c008\" data-element_type=\"widget\" data-widget_type=\"text-editor.default\">\n\t\t\t\t<div class=\"elementor-widget-container\">\n\t\t\t\t\t\t\t<div>Place of Birth<\/div><div>Panama<\/div>\t\t\t\t\t\t<\/div>\n\t\t\t\t<\/div>\n\t\t\t\t<div class=\"elementor-element elementor-element-45968be Facts elementor-widget elementor-widget-text-editor\" data-id=\"45968be\" data-element_type=\"widget\" data-widget_type=\"text-editor.default\">\n\t\t\t\t<div class=\"elementor-widget-container\">\n\t\t\t\t\t\t\t<div>Nationality<\/div><div>Paname\u00f1a\u00a0<\/div>\t\t\t\t\t\t<\/div>\n\t\t\t\t<\/div>\n\t\t\t\t<div class=\"elementor-element elementor-element-88ec9d7 Facts elementor-widget elementor-widget-text-editor\" data-id=\"88ec9d7\" data-element_type=\"widget\" data-widget_type=\"text-editor.default\">\n\t\t\t\t<div class=\"elementor-widget-container\">\n\t\t\t\t\t\t\t<div>Discipline<\/div><div>Surfing<\/div>\t\t\t\t\t\t<\/div>\n\t\t\t\t<\/div>\n\t\t\t\t\t<\/div>\n\t\t<\/div>\n\t\t\t\t\t\t\t<\/div>\n\t\t<\/section>\n\t\t\t\t<div class=\"elementor-element elementor-element-52785d0 elementor-widget elementor-widget-spacer\" data-id=\"52785d0\" data-element_type=\"widget\" data-widget_type=\"spacer.default\">\n\t\t\t\t<div class=\"elementor-widget-container\">\n\t\t\t\t\t<div class=\"elementor-spacer\">\n\t\t\t<div class=\"elementor-spacer-inner\"><\/div>\n\t\t<\/div>\n\t\t\t\t<\/div>\n\t\t\t\t<\/div>\n\t\t\t\t<div class=\"elementor-element elementor-element-6ce321c elementor-widget__width-inherit elementor-widget elementor-widget-text-editor\" data-id=\"6ce321c\" data-element_type=\"widget\" data-widget_type=\"text-editor.default\">\n\t\t\t\t<div class=\"elementor-widget-container\">\n\t\t\t\t\t\t\t<p class=\"v1MsoNormal\"><span lang=\"ES-CO\">Since he started surfing six years ago, Jos\u00e9 has shown a consistent commitment to his development as a surfer. With the upcoming start of his university education, he aims to balance his studies with his love for surfing, demonstrating his determination and time management skills.<\/span><\/p><p class=\"v1MsoNormal\"><span lang=\"ES-CO\">Jos\u00e9 L\u00f3pez has excelled as a national junior surf champion in Panama, an achievement that highlights his skill and dedication on the local waves. Despite his successes, Jos\u00e9 is not content and aspires to continue competing in international competitions, where he will compete against some of the world's best surfers.<\/span><span lang=\"ES-CO\">\u00a0<\/span><\/p><p class=\"v1MsoNormal\"><span lang=\"ES-CO\">His goal is clear: to reach the top of the World Surf League (WSL). Jos\u00e9 dreams of competing in the world's most prestigious circuits, facing the most talented surfers, pushing his limits with every wave he rides, and elevating the sport of surfing in Panama.<\/span><\/p><p class=\"v1MsoNormal\"><span lang=\"ES-CO\">Jos\u00e9 L\u00f3pez is ready to work hard and push his limits. He dreams of reaching the world's top in surfing and has a significant goal on the horizon: the ISA World Junior Surfing Championship in Brazil, taking place from November 25th to December 3rd. This will be his last junior world championship, and he's determined to give his all in the water to leave a lasting impression.<\/span><\/p><p class=\"v1MsoNormal\"><span lang=\"ES-CO\">Jos\u00e9 L\u00f3pez is a young Panamanian talent with a promising future in the world of surfing. His dedication, passion, and determination make him a role model for those aspiring to achieve success in surfing in Panama and Latin America.<\/span><\/p><p>Location: Panama<\/p><p>Instagram: @cacaro_surf<\/p>\t\t\t\t\t\t<\/div>\n\t\t\t\t<\/div>\n\t\t\t\t<div class=\"elementor-element elementor-element-aa827b8 elementor-widget elementor-widget-spacer\" data-id=\"aa827b8\" data-element_type=\"widget\" data-widget_type=\"spacer.default\">\n\t\t\t\t<div class=\"elementor-widget-container\">\n\t\t\t\t\t<div class=\"elementor-spacer\">\n\t\t\t<div class=\"elementor-spacer-inner\"><\/div>\n\t\t<\/div>\n\t\t\t\t<\/div>\n\t\t\t\t<\/div>\n\t\t\t\t<div class=\"elementor-element elementor-element-1bc69f8 elementor-widget elementor-widget-heading\" data-id=\"1bc69f8\" data-element_type=\"widget\" data-widget_type=\"heading.default\">\n\t\t\t\t<div class=\"elementor-widget-container\">\n\t\t\t<h2 class=\"elementor-heading-title elementor-size-default\">Apoya a Jose lopez<\/h2>\t\t<\/div>\n\t\t\t\t<\/div>\n\t\t\t\t\t<\/div>\n\t\t<\/div>\n\t\t\t\t\t\t\t<\/div>\n\t\t<\/section>\n\t\t\t\t\t\t\t<\/div>","protected":false},"excerpt":{"rendered":"<p>Jos\u00e9 L\u00f3pez Surfing Jos\u00e9 L\u00f3pez, un joven y talentoso surfista paname\u00f1o, naci\u00f3 el 13 de enero de 2005. A pesar de su corta edad, Jos\u00e9 ya ha demostrado su dedicaci\u00f3n y pasi\u00f3n por el surf en panama, lo que le ha llevado a alcanzar logros significativos en este apasionante deporte. Fecha de Nacimiento13 de Enero [&hellip;]<\/p>","protected":false},"author":1,"featured_media":4578,"parent":2113,"menu_order":-1,"comment_status":"closed","ping_status":"closed","template":"page-templates\/full-width-page.php","meta":{"om_disable_all_campaigns":false,"_monsterinsights_skip_tracking":false,"_monsterinsights_sitenote_active":false,"_monsterinsights_sitenote_note":"","_monsterinsights_sitenote_category":0,"footnotes":""},"categories":[133],"tags":[],"class_list":["post-4570","page","type-page","status-publish","has-post-thumbnail","hentry","category-atletas"],"acf":[],"aioseo_notices":[],"_links":{"self":[{"href":"https:\/\/corremartin.com\/en\/wp-json\/wp\/v2\/pages\/4570","targetHints":{"allow":["GET"]}}],"collection":[{"href":"https:\/\/corremartin.com\/en\/wp-json\/wp\/v2\/pages"}],"about":[{"href":"https:\/\/corremartin.com\/en\/wp-json\/wp\/v2\/types\/page"}],"author":[{"embeddable":true,"href":"https:\/\/corremartin.com\/en\/wp-json\/wp\/v2\/users\/1"}],"replies":[{"embeddable":true,"href":"https:\/\/corremartin.com\/en\/wp-json\/wp\/v2\/comments?post=4570"}],"version-history":[{"count":25,"href":"https:\/\/corremartin.com\/en\/wp-json\/wp\/v2\/pages\/4570\/revisions"}],"predecessor-version":[{"id":4701,"href":"https:\/\/corremartin.com\/en\/wp-json\/wp\/v2\/pages\/4570\/revisions\/4701"}],"up":[{"embeddable":true,"href":"https:\/\/corremartin.com\/en\/wp-json\/wp\/v2\/pages\/2113"}],"wp:featuredmedia":[{"embeddable":true,"href":"https:\/\/corremartin.com\/en\/wp-json\/wp\/v2\/media\/4578"}],"wp:attachment":[{"href":"https:\/\/corremartin.com\/en\/wp-json\/wp\/v2\/media?parent=4570"}],"wp:term":[{"taxonomy":"category","embeddable":true,"href":"https:\/\/corremartin.com\/en\/wp-json\/wp\/v2\/categories?post=4570"},{"taxonomy":"post_tag","embeddable":true,"href":"https:\/\/corremartin.com\/en\/wp-json\/wp\/v2\/tags?post=4570"}],"curies":[{"name":"wp","href":"https:\/\/api.w.org\/{rel}","templated":true}]}}