{"id":4565,"date":"2023-10-13T16:22:27","date_gmt":"2023-10-13T21:22:27","guid":{"rendered":"https:\/\/corremartin.com\/?page_id=4565"},"modified":"2023-10-16T12:46:14","modified_gmt":"2023-10-16T17:46:14","slug":"marcos-ariel-perez-medina-jiujitsu-en-panama","status":"publish","type":"page","link":"https:\/\/corremartin.com\/en\/atletas-corremartin\/marcos-ariel-perez-medina-jiujitsu-en-panama\/","title":{"rendered":"Marcos Ariel P\u00e9rez Medina"},"content":{"rendered":"<div data-elementor-type=\"wp-page\" data-elementor-id=\"4565\" class=\"elementor elementor-4565\" data-elementor-post-type=\"page\">\n\t\t\t\t\t\t\t\t\t<section class=\"elementor-section elementor-top-section elementor-element elementor-element-6ee4cf0 elementor-section-full_width elementor-section-height-min-height elementor-section-content-middle elementor-section-stretched elementor-section-height-default elementor-section-items-middle\" data-id=\"6ee4cf0\" data-element_type=\"section\" data-settings=\"{&quot;stretch_section&quot;:&quot;section-stretched&quot;,&quot;background_background&quot;:&quot;classic&quot;}\">\n\t\t\t\t\t\t<div class=\"elementor-container elementor-column-gap-default\">\n\t\t\t\t\t<div class=\"elementor-column elementor-col-100 elementor-top-column elementor-element elementor-element-7d81df1 person-hero-view__media\" data-id=\"7d81df1\" data-element_type=\"column\" id=\"lacomlumna\">\n\t\t\t<div class=\"elementor-widget-wrap elementor-element-populated\">\n\t\t\t\t\t\t\t\t<div class=\"elementor-element elementor-element-4ba9c53 elementor-widget elementor-widget-spacer\" data-id=\"4ba9c53\" data-element_type=\"widget\" id=\"espaciador\" data-widget_type=\"spacer.default\">\n\t\t\t\t<div class=\"elementor-widget-container\">\n\t\t\t<style>\/*! elementor - v3.16.0 - 14-09-2023 *\/\n.elementor-column .elementor-spacer-inner{height:var(--spacer-size)}.e-con{--container-widget-width:100%}.e-con-inner>.elementor-widget-spacer,.e-con>.elementor-widget-spacer{width:var(--container-widget-width,var(--spacer-size));--align-self:var(--container-widget-align-self,initial);--flex-shrink:0}.e-con-inner>.elementor-widget-spacer>.elementor-widget-container,.e-con>.elementor-widget-spacer>.elementor-widget-container{height:100%;width:100%}.e-con-inner>.elementor-widget-spacer>.elementor-widget-container>.elementor-spacer,.e-con>.elementor-widget-spacer>.elementor-widget-container>.elementor-spacer{height:100%}.e-con-inner>.elementor-widget-spacer>.elementor-widget-container>.elementor-spacer>.elementor-spacer-inner,.e-con>.elementor-widget-spacer>.elementor-widget-container>.elementor-spacer>.elementor-spacer-inner{height:var(--container-widget-height,var(--spacer-size))}.e-con-inner>.elementor-widget-spacer.elementor-widget-empty,.e-con>.elementor-widget-spacer.elementor-widget-empty{position:relative;min-height:22px;min-width:22px}.e-con-inner>.elementor-widget-spacer.elementor-widget-empty .elementor-widget-empty-icon,.e-con>.elementor-widget-spacer.elementor-widget-empty .elementor-widget-empty-icon{position:absolute;top:0;bottom:0;left:0;right:0;margin:auto;padding:0;width:22px;height:22px}<\/style>\t\t<div class=\"elementor-spacer\">\n\t\t\t<div class=\"elementor-spacer-inner\"><\/div>\n\t\t<\/div>\n\t\t\t\t<\/div>\n\t\t\t\t<\/div>\n\t\t\t\t\t<\/div>\n\t\t<\/div>\n\t\t\t\t\t\t\t<\/div>\n\t\t<\/section>\n\t\t\t\t<section class=\"elementor-section elementor-top-section elementor-element elementor-element-aeb0365 elementor-section-boxed elementor-section-height-default elementor-section-height-default\" data-id=\"aeb0365\" data-element_type=\"section\" data-settings=\"{&quot;background_background&quot;:&quot;classic&quot;}\">\n\t\t\t\t\t\t<div class=\"elementor-container elementor-column-gap-default\">\n\t\t\t\t\t<div class=\"elementor-column elementor-col-100 elementor-top-column elementor-element elementor-element-ce99d44\" data-id=\"ce99d44\" data-element_type=\"column\">\n\t\t\t<div class=\"elementor-widget-wrap elementor-element-populated\">\n\t\t\t\t\t\t\t\t<section class=\"elementor-section elementor-inner-section elementor-element elementor-element-fd38763 elementor-section-full_width elementor-section-height-default elementor-section-height-default\" data-id=\"fd38763\" data-element_type=\"section\">\n\t\t\t\t\t\t<div class=\"elementor-container elementor-column-gap-default\">\n\t\t\t\t\t<div class=\"elementor-column elementor-col-50 elementor-inner-column elementor-element elementor-element-72fc709\" data-id=\"72fc709\" data-element_type=\"column\">\n\t\t\t<div class=\"elementor-widget-wrap elementor-element-populated\">\n\t\t\t\t\t\t\t\t<div class=\"elementor-element elementor-element-97a3d43 person-hero-view__avatar elementor-widget-mobile__width-initial elementor-widget elementor-widget-image\" data-id=\"97a3d43\" data-element_type=\"widget\" data-widget_type=\"image.default\">\n\t\t\t\t<div class=\"elementor-widget-container\">\n\t\t\t<style>\/*! elementor - v3.16.0 - 14-09-2023 *\/\n.elementor-widget-image{text-align:center}.elementor-widget-image a{display:inline-block}.elementor-widget-image a img[src$=\".svg\"]{width:48px}.elementor-widget-image img{vertical-align:middle;display:inline-block}<\/style>\t\t\t\t\t\t\t\t\t\t\t\t<img loading=\"lazy\" decoding=\"async\" width=\"252\" height=\"249\" src=\"https:\/\/corremartin.com\/wp-content\/uploads\/2023\/10\/Marcos-Ariel-Perez-PIC.jpg\" class=\"attachment-large size-large wp-image-4600\" alt=\"Jiujitsu en Panama\" srcset=\"https:\/\/corremartin.com\/wp-content\/uploads\/2023\/10\/Marcos-Ariel-Perez-PIC.jpg 252w, https:\/\/corremartin.com\/wp-content\/uploads\/2023\/10\/Marcos-Ariel-Perez-PIC-12x12.jpg 12w, https:\/\/corremartin.com\/wp-content\/uploads\/2023\/10\/Marcos-Ariel-Perez-PIC-100x100.jpg 100w, https:\/\/corremartin.com\/wp-content\/uploads\/2023\/10\/Marcos-Ariel-Perez-PIC-50x50.jpg 50w, https:\/\/corremartin.com\/wp-content\/uploads\/2023\/10\/Marcos-Ariel-Perez-PIC-45x45.jpg 45w\" sizes=\"auto, (max-width: 252px) 100vw, 252px\" \/>\t\t\t\t\t\t\t\t\t\t\t\t\t\t\t<\/div>\n\t\t\t\t<\/div>\n\t\t\t\t\t<\/div>\n\t\t<\/div>\n\t\t\t\t<div class=\"elementor-column elementor-col-50 elementor-inner-column elementor-element elementor-element-6e77096\" data-id=\"6e77096\" data-element_type=\"column\">\n\t\t\t<div class=\"elementor-widget-wrap elementor-element-populated\">\n\t\t\t\t\t\t\t\t<div class=\"elementor-element elementor-element-4edf931 athleteName elementor-widget__width-initial elementor-widget-mobile__width-initial elementor-widget elementor-widget-heading\" data-id=\"4edf931\" data-element_type=\"widget\" data-widget_type=\"heading.default\">\n\t\t\t\t<div class=\"elementor-widget-container\">\n\t\t\t<style>\/*! elementor - v3.16.0 - 14-09-2023 *\/\n.elementor-heading-title{padding:0;margin:0;line-height:1}.elementor-widget-heading .elementor-heading-title[class*=elementor-size-]>a{color:inherit;font-size:inherit;line-height:inherit}.elementor-widget-heading .elementor-heading-title.elementor-size-small{font-size:15px}.elementor-widget-heading .elementor-heading-title.elementor-size-medium{font-size:19px}.elementor-widget-heading .elementor-heading-title.elementor-size-large{font-size:29px}.elementor-widget-heading .elementor-heading-title.elementor-size-xl{font-size:39px}.elementor-widget-heading .elementor-heading-title.elementor-size-xxl{font-size:59px}<\/style><h2 class=\"elementor-heading-title elementor-size-default\">Marcos Ariel P\u00e9rez Medina<\/h2>\t\t<\/div>\n\t\t\t\t<\/div>\n\t\t\t\t<div class=\"elementor-element elementor-element-57d9902 elementor-widget elementor-widget-text-editor\" data-id=\"57d9902\" data-element_type=\"widget\" data-widget_type=\"text-editor.default\">\n\t\t\t\t<div class=\"elementor-widget-container\">\n\t\t\t<style>\/*! elementor - v3.16.0 - 14-09-2023 *\/\n.elementor-widget-text-editor.elementor-drop-cap-view-stacked .elementor-drop-cap{background-color:#69727d;color:#fff}.elementor-widget-text-editor.elementor-drop-cap-view-framed .elementor-drop-cap{color:#69727d;border:3px solid;background-color:transparent}.elementor-widget-text-editor:not(.elementor-drop-cap-view-default) .elementor-drop-cap{margin-top:8px}.elementor-widget-text-editor:not(.elementor-drop-cap-view-default) .elementor-drop-cap-letter{width:1em;height:1em}.elementor-widget-text-editor .elementor-drop-cap{float:left;text-align:center;line-height:1;font-size:50px}.elementor-widget-text-editor .elementor-drop-cap-letter{display:inline-block}<\/style>\t\t\t\t<p>Jiu Jitsu<\/p>\t\t\t\t\t\t<\/div>\n\t\t\t\t<\/div>\n\t\t\t\t\t<\/div>\n\t\t<\/div>\n\t\t\t\t\t\t\t<\/div>\n\t\t<\/section>\n\t\t\t\t\t<\/div>\n\t\t<\/div>\n\t\t\t\t\t\t\t<\/div>\n\t\t<\/section>\n\t\t\t\t<section class=\"elementor-section elementor-top-section elementor-element elementor-element-6ebbed6 elementor-section-boxed elementor-section-height-default elementor-section-height-default\" data-id=\"6ebbed6\" data-element_type=\"section\" data-settings=\"{&quot;background_background&quot;:&quot;classic&quot;}\">\n\t\t\t\t\t\t<div class=\"elementor-container elementor-column-gap-default\">\n\t\t\t\t\t<div class=\"elementor-column elementor-col-100 elementor-top-column elementor-element elementor-element-fe9d9e2\" data-id=\"fe9d9e2\" data-element_type=\"column\">\n\t\t\t<div class=\"elementor-widget-wrap elementor-element-populated\">\n\t\t\t\t\t\t\t\t<div class=\"elementor-element elementor-element-8d9a2e8 elementor-widget__width-inherit elementor-widget elementor-widget-text-editor\" data-id=\"8d9a2e8\" data-element_type=\"widget\" data-widget_type=\"text-editor.default\">\n\t\t\t\t<div class=\"elementor-widget-container\">\n\t\t\t\t\t\t\t<p class=\"v1MsoNormal\"><span lang=\"ES-CO\">Marcos Ariel P\u00e9rez Medina, born on March 29, 1982, in Panama, is a prominent Panamanian athlete dedicated to the martial art of Jiu-Jitsu in Panama. Known for his skill on the mat and his passion for the sport, he has forged an impressive career in this martial arts discipline.<\/span><\/p>\t\t\t\t\t\t<\/div>\n\t\t\t\t<\/div>\n\t\t\t\t<section class=\"elementor-section elementor-inner-section elementor-element elementor-element-5c80afb tableAthlete elementor-section-boxed elementor-section-height-default elementor-section-height-default\" data-id=\"5c80afb\" data-element_type=\"section\">\n\t\t\t\t\t\t<div class=\"elementor-container elementor-column-gap-default\">\n\t\t\t\t\t<div class=\"elementor-column elementor-col-50 elementor-inner-column elementor-element elementor-element-3fa43dd\" data-id=\"3fa43dd\" data-element_type=\"column\">\n\t\t\t<div class=\"elementor-widget-wrap elementor-element-populated\">\n\t\t\t\t\t\t\t\t<div class=\"elementor-element elementor-element-a8b3a8e Facts elementor-widget elementor-widget-text-editor\" data-id=\"a8b3a8e\" data-element_type=\"widget\" data-widget_type=\"text-editor.default\">\n\t\t\t\t<div class=\"elementor-widget-container\">\n\t\t\t\t\t\t\t<div>Date of Birth<\/div><div>29 de Marzo de 1982<\/div>\t\t\t\t\t\t<\/div>\n\t\t\t\t<\/div>\n\t\t\t\t<div class=\"elementor-element elementor-element-b858521 Facts elementor-widget elementor-widget-text-editor\" data-id=\"b858521\" data-element_type=\"widget\" data-widget_type=\"text-editor.default\">\n\t\t\t\t<div class=\"elementor-widget-container\">\n\t\t\t\t\t\t\t<div>Age<\/div><div>41<\/div>\t\t\t\t\t\t<\/div>\n\t\t\t\t<\/div>\n\t\t\t\t<div class=\"elementor-element elementor-element-4f1a0ff Facts elementor-widget elementor-widget-text-editor\" data-id=\"4f1a0ff\" data-element_type=\"widget\" data-widget_type=\"text-editor.default\">\n\t\t\t\t<div class=\"elementor-widget-container\">\n\t\t\t\t\t\t\t<div>Career Start<\/div><div>2005<\/div>\t\t\t\t\t\t<\/div>\n\t\t\t\t<\/div>\n\t\t\t\t\t<\/div>\n\t\t<\/div>\n\t\t\t\t<div class=\"elementor-column elementor-col-50 elementor-inner-column elementor-element elementor-element-631ffef\" data-id=\"631ffef\" data-element_type=\"column\">\n\t\t\t<div class=\"elementor-widget-wrap elementor-element-populated\">\n\t\t\t\t\t\t\t\t<div class=\"elementor-element elementor-element-692c008 Facts elementor-widget elementor-widget-text-editor\" data-id=\"692c008\" data-element_type=\"widget\" data-widget_type=\"text-editor.default\">\n\t\t\t\t<div class=\"elementor-widget-container\">\n\t\t\t\t\t\t\t<div>Place of Birth<\/div><div>Panama<\/div>\t\t\t\t\t\t<\/div>\n\t\t\t\t<\/div>\n\t\t\t\t<div class=\"elementor-element elementor-element-45968be Facts elementor-widget elementor-widget-text-editor\" data-id=\"45968be\" data-element_type=\"widget\" data-widget_type=\"text-editor.default\">\n\t\t\t\t<div class=\"elementor-widget-container\">\n\t\t\t\t\t\t\t<div>Nationality<\/div><div>Paname\u00f1a<\/div>\t\t\t\t\t\t<\/div>\n\t\t\t\t<\/div>\n\t\t\t\t<div class=\"elementor-element elementor-element-88ec9d7 Facts elementor-widget elementor-widget-text-editor\" data-id=\"88ec9d7\" data-element_type=\"widget\" data-widget_type=\"text-editor.default\">\n\t\t\t\t<div class=\"elementor-widget-container\">\n\t\t\t\t\t\t\t<div>Discipline<\/div><div>Jiu Jitsu<\/div>\t\t\t\t\t\t<\/div>\n\t\t\t\t<\/div>\n\t\t\t\t\t<\/div>\n\t\t<\/div>\n\t\t\t\t\t\t\t<\/div>\n\t\t<\/section>\n\t\t\t\t<div class=\"elementor-element elementor-element-52785d0 elementor-widget elementor-widget-spacer\" data-id=\"52785d0\" data-element_type=\"widget\" data-widget_type=\"spacer.default\">\n\t\t\t\t<div class=\"elementor-widget-container\">\n\t\t\t\t\t<div class=\"elementor-spacer\">\n\t\t\t<div class=\"elementor-spacer-inner\"><\/div>\n\t\t<\/div>\n\t\t\t\t<\/div>\n\t\t\t\t<\/div>\n\t\t\t\t<div class=\"elementor-element elementor-element-6ce321c elementor-widget__width-inherit elementor-widget elementor-widget-text-editor\" data-id=\"6ce321c\" data-element_type=\"widget\" data-widget_type=\"text-editor.default\">\n\t\t\t\t<div class=\"elementor-widget-container\">\n\t\t\t\t\t\t\t<p class=\"v1MsoNormal\"><span lang=\"ES-CO\">From his early steps in Jiu-Jitsu in Panama, Marcos has shown dedication and skills, eventually achieving the prestigious black belt in Brazilian Jiu-Jitsu. Furthermore, he has completed his university education, showcasing his commitment in both academic and athletic endeavors.<\/span><\/p>\n<p class=\"v1MsoNormal\"><span lang=\"ES-CO\">Throughout his career, Marcos Ariel P\u00e9rez Medina has achieved numerous accolades in both national and international competitions. Among his most notable distinctions are his two-time title as Pan American JJIF Champion in 2021 and 2022, as well as his title as JJIF Masters World Runner-Up in 2022. He has also secured the title of JJIF South American Runner-Up in 2022 and has been a three-time National Jiu-Jitsu Champion in Panama from 2021 to 2023.<\/span><\/p>\n<p class=\"v1MsoNormal\"><span lang=\"ES-CO\">Marcos has not only excelled in the world of Jiu-Jitsu but has also made history by becoming the first Panamanian to qualify for the World Combat Games in Jiu-Jitsu. This achievement underscores his excellence in the discipline and his commitment to representing his country on the international stage.<\/span><\/p>\n<p class=\"v1MsoNormal\"><span lang=\"ES-CO\">His future goals include winning the JJIF World Championship and the World Combat Games Championship, demonstrating his ambition to continue surpassing himself and leaving an indelible mark on the world of Jiu-Jitsu in Panama and the world.<\/span><\/p>\n<p class=\"v1MsoNormal\"><span lang=\"ES-CO\">To achieve his goals, Marcos is seeking to gather resources to cover the costs of traveling to the World Combat Games 2023 in Saudi Arabia and the Pan-American Jiu-Jitsu JJIF Championship in Argentina.&nbsp;<\/span><\/p>\n<p class=\"v1MsoNormal\"><span lang=\"ES-CO\">Marcos Ariel P\u00e9rez Medina es un ejemplo de dedicaci\u00f3n y perseverancia en el deporte, y su pasi\u00f3n por el Jiu Jitsu y su deseo de dejar en alto el Jiu Jitsu en Panam\u00e1 en escenarios internacionales, sin duda lo convierten en un atleta admirable y una inspiraci\u00f3n para muchos.<\/span><\/p>\n<p>Location: Panama<\/p>\n<p>Instagram: @mambakk507<\/p>\t\t\t\t\t\t<\/div>\n\t\t\t\t<\/div>\n\t\t\t\t<div class=\"elementor-element elementor-element-aa827b8 elementor-widget elementor-widget-spacer\" data-id=\"aa827b8\" data-element_type=\"widget\" data-widget_type=\"spacer.default\">\n\t\t\t\t<div class=\"elementor-widget-container\">\n\t\t\t\t\t<div class=\"elementor-spacer\">\n\t\t\t<div class=\"elementor-spacer-inner\"><\/div>\n\t\t<\/div>\n\t\t\t\t<\/div>\n\t\t\t\t<\/div>\n\t\t\t\t<div class=\"elementor-element elementor-element-1bc69f8 elementor-widget elementor-widget-heading\" data-id=\"1bc69f8\" data-element_type=\"widget\" data-widget_type=\"heading.default\">\n\t\t\t\t<div class=\"elementor-widget-container\">\n\t\t\t<h2 class=\"elementor-heading-title elementor-size-default\">Apoya a Marcos Ariel P\u00e9rez Medina\u200b<\/h2>\t\t<\/div>\n\t\t\t\t<\/div>\n\t\t\t\t\t<\/div>\n\t\t<\/div>\n\t\t\t\t\t\t\t<\/div>\n\t\t<\/section>\n\t\t\t\t\t\t\t<\/div>","protected":false},"excerpt":{"rendered":"<p>Marcos Ariel P\u00e9rez Medina Jiu Jitsu Marcos Ariel P\u00e9rez Medina, nacido el 29 de marzo de 1982 en Panam\u00e1, es un destacado atleta paname\u00f1o dedicado al arte marcial del Jiujitsu en Panama. Conocido por su destreza en el tatami y su pasi\u00f3n por el deporte, ha forjado una impresionante carrera en esta disciplina de artes [&hellip;]<\/p>","protected":false},"author":1,"featured_media":4600,"parent":2113,"menu_order":-1,"comment_status":"closed","ping_status":"closed","template":"page-templates\/full-width-page.php","meta":{"om_disable_all_campaigns":false,"_monsterinsights_skip_tracking":false,"_monsterinsights_sitenote_active":false,"_monsterinsights_sitenote_note":"","_monsterinsights_sitenote_category":0,"footnotes":""},"categories":[133],"tags":[],"class_list":["post-4565","page","type-page","status-publish","has-post-thumbnail","hentry","category-atletas"],"acf":[],"aioseo_notices":[],"_links":{"self":[{"href":"https:\/\/corremartin.com\/en\/wp-json\/wp\/v2\/pages\/4565","targetHints":{"allow":["GET"]}}],"collection":[{"href":"https:\/\/corremartin.com\/en\/wp-json\/wp\/v2\/pages"}],"about":[{"href":"https:\/\/corremartin.com\/en\/wp-json\/wp\/v2\/types\/page"}],"author":[{"embeddable":true,"href":"https:\/\/corremartin.com\/en\/wp-json\/wp\/v2\/users\/1"}],"replies":[{"embeddable":true,"href":"https:\/\/corremartin.com\/en\/wp-json\/wp\/v2\/comments?post=4565"}],"version-history":[{"count":21,"href":"https:\/\/corremartin.com\/en\/wp-json\/wp\/v2\/pages\/4565\/revisions"}],"predecessor-version":[{"id":4633,"href":"https:\/\/corremartin.com\/en\/wp-json\/wp\/v2\/pages\/4565\/revisions\/4633"}],"up":[{"embeddable":true,"href":"https:\/\/corremartin.com\/en\/wp-json\/wp\/v2\/pages\/2113"}],"wp:featuredmedia":[{"embeddable":true,"href":"https:\/\/corremartin.com\/en\/wp-json\/wp\/v2\/media\/4600"}],"wp:attachment":[{"href":"https:\/\/corremartin.com\/en\/wp-json\/wp\/v2\/media?parent=4565"}],"wp:term":[{"taxonomy":"category","embeddable":true,"href":"https:\/\/corremartin.com\/en\/wp-json\/wp\/v2\/categories?post=4565"},{"taxonomy":"post_tag","embeddable":true,"href":"https:\/\/corremartin.com\/en\/wp-json\/wp\/v2\/tags?post=4565"}],"curies":[{"name":"wp","href":"https:\/\/api.w.org\/{rel}","templated":true}]}}