{"id":2834,"date":"2023-06-28T15:13:52","date_gmt":"2023-06-28T15:13:52","guid":{"rendered":"https:\/\/corremartin.com\/?page_id=2834"},"modified":"2023-07-10T15:28:26","modified_gmt":"2023-07-10T15:28:26","slug":"elisa-aglae-gutierrez-alonso-crossfit-mexico","status":"publish","type":"page","link":"https:\/\/corremartin.com\/en\/atletas-corremartin\/elisa-aglae-gutierrez-alonso-crossfit-mexico\/","title":{"rendered":"Elisa Aglae Guti\u00e9rrez Alonso"},"content":{"rendered":"<div data-elementor-type=\"wp-page\" data-elementor-id=\"2834\" class=\"elementor elementor-2834\" data-elementor-post-type=\"page\">\n\t\t\t\t\t\t\t\t\t<section class=\"elementor-section elementor-top-section elementor-element elementor-element-6ee4cf0 elementor-section-full_width elementor-section-height-min-height elementor-section-content-middle elementor-section-stretched elementor-section-height-default elementor-section-items-middle\" data-id=\"6ee4cf0\" data-element_type=\"section\" data-settings=\"{&quot;stretch_section&quot;:&quot;section-stretched&quot;,&quot;background_background&quot;:&quot;classic&quot;}\">\n\t\t\t\t\t\t<div class=\"elementor-container elementor-column-gap-default\">\n\t\t\t\t\t<div class=\"elementor-column elementor-col-100 elementor-top-column elementor-element elementor-element-7d81df1 person-hero-view__media\" data-id=\"7d81df1\" data-element_type=\"column\" id=\"lacomlumna\">\n\t\t\t<div class=\"elementor-widget-wrap elementor-element-populated\">\n\t\t\t\t\t\t\t\t<div class=\"elementor-element elementor-element-4ba9c53 elementor-widget elementor-widget-spacer\" data-id=\"4ba9c53\" data-element_type=\"widget\" id=\"espaciador\" data-widget_type=\"spacer.default\">\n\t\t\t\t<div class=\"elementor-widget-container\">\n\t\t\t<style>\/*! elementor - v3.16.0 - 14-09-2023 *\/\n.elementor-column .elementor-spacer-inner{height:var(--spacer-size)}.e-con{--container-widget-width:100%}.e-con-inner>.elementor-widget-spacer,.e-con>.elementor-widget-spacer{width:var(--container-widget-width,var(--spacer-size));--align-self:var(--container-widget-align-self,initial);--flex-shrink:0}.e-con-inner>.elementor-widget-spacer>.elementor-widget-container,.e-con>.elementor-widget-spacer>.elementor-widget-container{height:100%;width:100%}.e-con-inner>.elementor-widget-spacer>.elementor-widget-container>.elementor-spacer,.e-con>.elementor-widget-spacer>.elementor-widget-container>.elementor-spacer{height:100%}.e-con-inner>.elementor-widget-spacer>.elementor-widget-container>.elementor-spacer>.elementor-spacer-inner,.e-con>.elementor-widget-spacer>.elementor-widget-container>.elementor-spacer>.elementor-spacer-inner{height:var(--container-widget-height,var(--spacer-size))}.e-con-inner>.elementor-widget-spacer.elementor-widget-empty,.e-con>.elementor-widget-spacer.elementor-widget-empty{position:relative;min-height:22px;min-width:22px}.e-con-inner>.elementor-widget-spacer.elementor-widget-empty .elementor-widget-empty-icon,.e-con>.elementor-widget-spacer.elementor-widget-empty .elementor-widget-empty-icon{position:absolute;top:0;bottom:0;left:0;right:0;margin:auto;padding:0;width:22px;height:22px}<\/style>\t\t<div class=\"elementor-spacer\">\n\t\t\t<div class=\"elementor-spacer-inner\"><\/div>\n\t\t<\/div>\n\t\t\t\t<\/div>\n\t\t\t\t<\/div>\n\t\t\t\t\t<\/div>\n\t\t<\/div>\n\t\t\t\t\t\t\t<\/div>\n\t\t<\/section>\n\t\t\t\t<section class=\"elementor-section elementor-top-section elementor-element elementor-element-aeb0365 elementor-section-boxed elementor-section-height-default elementor-section-height-default\" data-id=\"aeb0365\" data-element_type=\"section\" data-settings=\"{&quot;background_background&quot;:&quot;classic&quot;}\">\n\t\t\t\t\t\t<div class=\"elementor-container elementor-column-gap-default\">\n\t\t\t\t\t<div class=\"elementor-column elementor-col-100 elementor-top-column elementor-element elementor-element-ce99d44\" data-id=\"ce99d44\" data-element_type=\"column\">\n\t\t\t<div class=\"elementor-widget-wrap elementor-element-populated\">\n\t\t\t\t\t\t\t\t<section class=\"elementor-section elementor-inner-section elementor-element elementor-element-fd38763 elementor-section-full_width elementor-section-height-default elementor-section-height-default\" data-id=\"fd38763\" data-element_type=\"section\">\n\t\t\t\t\t\t<div class=\"elementor-container elementor-column-gap-default\">\n\t\t\t\t\t<div class=\"elementor-column elementor-col-50 elementor-inner-column elementor-element elementor-element-72fc709\" data-id=\"72fc709\" data-element_type=\"column\">\n\t\t\t<div class=\"elementor-widget-wrap elementor-element-populated\">\n\t\t\t\t\t\t\t\t<div class=\"elementor-element elementor-element-97a3d43 person-hero-view__avatar elementor-widget elementor-widget-image\" data-id=\"97a3d43\" data-element_type=\"widget\" data-widget_type=\"image.default\">\n\t\t\t\t<div class=\"elementor-widget-container\">\n\t\t\t<style>\/*! elementor - v3.16.0 - 14-09-2023 *\/\n.elementor-widget-image{text-align:center}.elementor-widget-image a{display:inline-block}.elementor-widget-image a img[src$=\".svg\"]{width:48px}.elementor-widget-image img{vertical-align:middle;display:inline-block}<\/style>\t\t\t\t\t\t\t\t\t\t\t\t<img loading=\"lazy\" decoding=\"async\" width=\"828\" height=\"823\" src=\"https:\/\/corremartin.com\/wp-content\/uploads\/2023\/06\/Soy_aglagutier.jpeg\" class=\"attachment-large size-large wp-image-3174\" alt=\"\" srcset=\"https:\/\/corremartin.com\/wp-content\/uploads\/2023\/06\/Soy_aglagutier.jpeg 828w, https:\/\/corremartin.com\/wp-content\/uploads\/2023\/06\/Soy_aglagutier-300x298.jpeg 300w, https:\/\/corremartin.com\/wp-content\/uploads\/2023\/06\/Soy_aglagutier-150x150.jpeg 150w, https:\/\/corremartin.com\/wp-content\/uploads\/2023\/06\/Soy_aglagutier-768x763.jpeg 768w, https:\/\/corremartin.com\/wp-content\/uploads\/2023\/06\/Soy_aglagutier-600x596.jpeg 600w, https:\/\/corremartin.com\/wp-content\/uploads\/2023\/06\/Soy_aglagutier-100x100.jpeg 100w, https:\/\/corremartin.com\/wp-content\/uploads\/2023\/06\/Soy_aglagutier-45x45.jpeg 45w\" sizes=\"auto, (max-width: 828px) 100vw, 828px\" \/>\t\t\t\t\t\t\t\t\t\t\t\t\t\t\t<\/div>\n\t\t\t\t<\/div>\n\t\t\t\t\t<\/div>\n\t\t<\/div>\n\t\t\t\t<div class=\"elementor-column elementor-col-50 elementor-inner-column elementor-element elementor-element-6e77096\" data-id=\"6e77096\" data-element_type=\"column\">\n\t\t\t<div class=\"elementor-widget-wrap elementor-element-populated\">\n\t\t\t\t\t\t\t\t<div class=\"elementor-element elementor-element-4edf931 athleteName elementor-widget__width-initial elementor-widget elementor-widget-heading\" data-id=\"4edf931\" data-element_type=\"widget\" data-widget_type=\"heading.default\">\n\t\t\t\t<div class=\"elementor-widget-container\">\n\t\t\t<style>\/*! elementor - v3.16.0 - 14-09-2023 *\/\n.elementor-heading-title{padding:0;margin:0;line-height:1}.elementor-widget-heading .elementor-heading-title[class*=elementor-size-]>a{color:inherit;font-size:inherit;line-height:inherit}.elementor-widget-heading .elementor-heading-title.elementor-size-small{font-size:15px}.elementor-widget-heading .elementor-heading-title.elementor-size-medium{font-size:19px}.elementor-widget-heading .elementor-heading-title.elementor-size-large{font-size:29px}.elementor-widget-heading .elementor-heading-title.elementor-size-xl{font-size:39px}.elementor-widget-heading .elementor-heading-title.elementor-size-xxl{font-size:59px}<\/style><h2 class=\"elementor-heading-title elementor-size-default\">Elisa Aglae Guti\u00e9rrez Alonso<\/h2>\t\t<\/div>\n\t\t\t\t<\/div>\n\t\t\t\t<div class=\"elementor-element elementor-element-57d9902 elementor-widget elementor-widget-text-editor\" data-id=\"57d9902\" data-element_type=\"widget\" data-widget_type=\"text-editor.default\">\n\t\t\t\t<div class=\"elementor-widget-container\">\n\t\t\t<style>\/*! elementor - v3.16.0 - 14-09-2023 *\/\n.elementor-widget-text-editor.elementor-drop-cap-view-stacked .elementor-drop-cap{background-color:#69727d;color:#fff}.elementor-widget-text-editor.elementor-drop-cap-view-framed .elementor-drop-cap{color:#69727d;border:3px solid;background-color:transparent}.elementor-widget-text-editor:not(.elementor-drop-cap-view-default) .elementor-drop-cap{margin-top:8px}.elementor-widget-text-editor:not(.elementor-drop-cap-view-default) .elementor-drop-cap-letter{width:1em;height:1em}.elementor-widget-text-editor .elementor-drop-cap{float:left;text-align:center;line-height:1;font-size:50px}.elementor-widget-text-editor .elementor-drop-cap-letter{display:inline-block}<\/style>\t\t\t\t<p>CrossFit<\/p>\t\t\t\t\t\t<\/div>\n\t\t\t\t<\/div>\n\t\t\t\t\t<\/div>\n\t\t<\/div>\n\t\t\t\t\t\t\t<\/div>\n\t\t<\/section>\n\t\t\t\t\t<\/div>\n\t\t<\/div>\n\t\t\t\t\t\t\t<\/div>\n\t\t<\/section>\n\t\t\t\t<section class=\"elementor-section elementor-top-section elementor-element elementor-element-6ebbed6 elementor-section-boxed elementor-section-height-default elementor-section-height-default\" data-id=\"6ebbed6\" data-element_type=\"section\" data-settings=\"{&quot;background_background&quot;:&quot;classic&quot;}\">\n\t\t\t\t\t\t<div class=\"elementor-container elementor-column-gap-default\">\n\t\t\t\t\t<div class=\"elementor-column elementor-col-100 elementor-top-column elementor-element elementor-element-fe9d9e2\" data-id=\"fe9d9e2\" data-element_type=\"column\">\n\t\t\t<div class=\"elementor-widget-wrap elementor-element-populated\">\n\t\t\t\t\t\t\t\t<div class=\"elementor-element elementor-element-8d9a2e8 elementor-widget__width-inherit elementor-widget elementor-widget-text-editor\" data-id=\"8d9a2e8\" data-element_type=\"widget\" data-widget_type=\"text-editor.default\">\n\t\t\t\t<div class=\"elementor-widget-container\">\n\t\t\t\t\t\t\t<p class=\"v1MsoNormal\">Elisa Aglae Guti\u00e9rrez Alonso, born on April 20, 1988, in Mexico, is a Crossfit athlete and sports coach. With a Bachelor's degree in Business Administration with a specialization in Marketing, she has shown an outstanding trajectory both in the professional and sports fields.<\/p>\t\t\t\t\t\t<\/div>\n\t\t\t\t<\/div>\n\t\t\t\t<section class=\"elementor-section elementor-inner-section elementor-element elementor-element-5c80afb tableAthlete elementor-section-boxed elementor-section-height-default elementor-section-height-default\" data-id=\"5c80afb\" data-element_type=\"section\">\n\t\t\t\t\t\t<div class=\"elementor-container elementor-column-gap-default\">\n\t\t\t\t\t<div class=\"elementor-column elementor-col-50 elementor-inner-column elementor-element elementor-element-3fa43dd\" data-id=\"3fa43dd\" data-element_type=\"column\">\n\t\t\t<div class=\"elementor-widget-wrap elementor-element-populated\">\n\t\t\t\t\t\t\t\t<div class=\"elementor-element elementor-element-a8b3a8e Facts elementor-widget elementor-widget-text-editor\" data-id=\"a8b3a8e\" data-element_type=\"widget\" data-widget_type=\"text-editor.default\">\n\t\t\t\t<div class=\"elementor-widget-container\">\n\t\t\t\t\t\t\t<div>Date of Birth<\/div><div>April 20th, 1988<\/div>\t\t\t\t\t\t<\/div>\n\t\t\t\t<\/div>\n\t\t\t\t<div class=\"elementor-element elementor-element-b858521 Facts elementor-widget elementor-widget-text-editor\" data-id=\"b858521\" data-element_type=\"widget\" data-widget_type=\"text-editor.default\">\n\t\t\t\t<div class=\"elementor-widget-container\">\n\t\t\t\t\t\t\t<div>Age<\/div><div>35<\/div>\t\t\t\t\t\t<\/div>\n\t\t\t\t<\/div>\n\t\t\t\t<div class=\"elementor-element elementor-element-4f1a0ff Facts elementor-widget elementor-widget-text-editor\" data-id=\"4f1a0ff\" data-element_type=\"widget\" data-widget_type=\"text-editor.default\">\n\t\t\t\t<div class=\"elementor-widget-container\">\n\t\t\t\t\t\t\t<div>Career Start<\/div><div>2019<\/div>\t\t\t\t\t\t<\/div>\n\t\t\t\t<\/div>\n\t\t\t\t\t<\/div>\n\t\t<\/div>\n\t\t\t\t<div class=\"elementor-column elementor-col-50 elementor-inner-column elementor-element elementor-element-631ffef\" data-id=\"631ffef\" data-element_type=\"column\">\n\t\t\t<div class=\"elementor-widget-wrap elementor-element-populated\">\n\t\t\t\t\t\t\t\t<div class=\"elementor-element elementor-element-692c008 Facts elementor-widget elementor-widget-text-editor\" data-id=\"692c008\" data-element_type=\"widget\" data-widget_type=\"text-editor.default\">\n\t\t\t\t<div class=\"elementor-widget-container\">\n\t\t\t\t\t\t\t<div>Place of Birth<\/div><div>Mexico<\/div>\t\t\t\t\t\t<\/div>\n\t\t\t\t<\/div>\n\t\t\t\t<div class=\"elementor-element elementor-element-45968be Facts elementor-widget elementor-widget-text-editor\" data-id=\"45968be\" data-element_type=\"widget\" data-widget_type=\"text-editor.default\">\n\t\t\t\t<div class=\"elementor-widget-container\">\n\t\t\t\t\t\t\t<div>Nationality<\/div><div>Mexico<\/div>\t\t\t\t\t\t<\/div>\n\t\t\t\t<\/div>\n\t\t\t\t<div class=\"elementor-element elementor-element-88ec9d7 Facts elementor-widget elementor-widget-text-editor\" data-id=\"88ec9d7\" data-element_type=\"widget\" data-widget_type=\"text-editor.default\">\n\t\t\t\t<div class=\"elementor-widget-container\">\n\t\t\t\t\t\t\t<div>Discipline<\/div><div>CrossFit<\/div>\t\t\t\t\t\t<\/div>\n\t\t\t\t<\/div>\n\t\t\t\t\t<\/div>\n\t\t<\/div>\n\t\t\t\t\t\t\t<\/div>\n\t\t<\/section>\n\t\t\t\t<div class=\"elementor-element elementor-element-52785d0 elementor-widget elementor-widget-spacer\" data-id=\"52785d0\" data-element_type=\"widget\" data-widget_type=\"spacer.default\">\n\t\t\t\t<div class=\"elementor-widget-container\">\n\t\t\t\t\t<div class=\"elementor-spacer\">\n\t\t\t<div class=\"elementor-spacer-inner\"><\/div>\n\t\t<\/div>\n\t\t\t\t<\/div>\n\t\t\t\t<\/div>\n\t\t\t\t<div class=\"elementor-element elementor-element-6ce321c elementor-widget__width-inherit elementor-widget elementor-widget-text-editor\" data-id=\"6ce321c\" data-element_type=\"widget\" data-widget_type=\"text-editor.default\">\n\t\t\t\t<div class=\"elementor-widget-container\">\n\t\t\t\t\t\t\t<p class=\"v1MsoNormal\">After working for three years as a marketing coordinator at a major Mexican newspaper, Elisa worked as an account executive at a promotional and uniforms company. During that time, she also found Crossfit as a recreational way to train and stay in shape.<\/p><p class=\"v1MsoNormal\">\u00a0<\/p><p class=\"v1MsoNormal\">However, everything changed during the pandemic when Elisa lost her job. Faced with this situation, she decided to make use of her free time to train more intensively and obtain certifications in various sports disciplines. This allowed her to become a sports coach and athlete starting in 2020.<\/p><p class=\"v1MsoNormal\">Elisa has participated in various national and international competitions, including the Copa Independencia in Costa Rica, the Tropical WOD Fest in Acapulco, Mexico, and the Spring Break Games in Morelia, Mexico, among other notable events. Her dedication and efforts led her to achieve the third place in the Individual WOD Challenge in the city of Puebla, Mexico.<\/p><p class=\"v1MsoNormal\">\u00a0<\/p><p class=\"v1MsoNormal\">As a mother of a 10-year-old daughter who is also getting into the world of Crossfit, Elisa finds great satisfaction in spending time with her family. However, being a mother, homemaker, coach, and athlete presents financial challenges for her, especially this year. Although her goal is to excel at the national level as a Crossfit athlete, the responsibility of being a mother limits the amount of money she can allocate to competing, as she must first meet her daughter's needs.<\/p><p class=\"v1MsoNormal\">Despite these difficulties, Elisa has set clear goals for her sports career. She dreams of representing her city, state, and country in national and international competitions, and her next challenges include the Black Challenge MX in August 2023 in Mexico City and the FSC in October 2023 in Guadalajara, Jalisco, Mexico.<\/p><p class=\"v1MsoNormal\">The story of Elisa Aglae Guti\u00e9rrez Alonso is a testament to her determination and passion for Crossfit, overcoming obstacles, and balancing her responsibilities as a mother and athlete. Her perseverance and dedication are an inspiration for all those seeking to achieve their sports goals while facing personal challenges. :T:<\/p><p>Location: Mexico<\/p><p>Instagram: @soy_aglagutier<\/p>\t\t\t\t\t\t<\/div>\n\t\t\t\t<\/div>\n\t\t\t\t<div class=\"elementor-element elementor-element-4ad7448 elementor-widget__width-initial elementor-widget elementor-widget-video\" data-id=\"4ad7448\" data-element_type=\"widget\" data-settings=\"{&quot;youtube_url&quot;:&quot;https:\\\/\\\/youtu.be\\\/JgKsVjo61Rw&quot;,&quot;video_type&quot;:&quot;youtube&quot;}\" data-widget_type=\"video.default\">\n\t\t\t\t<div class=\"elementor-widget-container\">\n\t\t\t<style>\/*! elementor - v3.16.0 - 14-09-2023 *\/\n.elementor-widget-video .elementor-widget-container{overflow:hidden;transform:translateZ(0)}.elementor-widget-video .elementor-wrapper{aspect-ratio:var(--video-aspect-ratio)}.elementor-widget-video .elementor-wrapper iframe,.elementor-widget-video .elementor-wrapper video{height:100%;width:100%;display:flex;border:none;background-color:#000}@supports not (aspect-ratio:1\/1){.elementor-widget-video .elementor-wrapper{position:relative;overflow:hidden;height:0;padding-bottom:calc(100% \/ var(--video-aspect-ratio))}.elementor-widget-video .elementor-wrapper iframe,.elementor-widget-video .elementor-wrapper video{position:absolute;top:0;right:0;bottom:0;left:0}}.elementor-widget-video .elementor-open-inline .elementor-custom-embed-image-overlay{position:absolute;top:0;right:0;bottom:0;left:0;background-size:cover;background-position:50%}.elementor-widget-video .elementor-custom-embed-image-overlay{cursor:pointer;text-align:center}.elementor-widget-video .elementor-custom-embed-image-overlay:hover .elementor-custom-embed-play i{opacity:1}.elementor-widget-video .elementor-custom-embed-image-overlay img{display:block;width:100%;aspect-ratio:var(--video-aspect-ratio);-o-object-fit:cover;object-fit:cover;-o-object-position:center center;object-position:center center}@supports not (aspect-ratio:1\/1){.elementor-widget-video .elementor-custom-embed-image-overlay{position:relative;overflow:hidden;height:0;padding-bottom:calc(100% \/ var(--video-aspect-ratio))}.elementor-widget-video .elementor-custom-embed-image-overlay img{position:absolute;top:0;right:0;bottom:0;left:0}}.elementor-widget-video .e-hosted-video .elementor-video{-o-object-fit:cover;object-fit:cover}.e-con-inner>.elementor-widget-video,.e-con>.elementor-widget-video{width:var(--container-widget-width);--flex-grow:var(--container-widget-flex-grow)}<\/style>\t\t<div class=\"elementor-wrapper elementor-open-inline\">\n\t\t\t<div class=\"elementor-video\"><\/div>\t\t<\/div>\n\t\t\t\t<\/div>\n\t\t\t\t<\/div>\n\t\t\t\t<div class=\"elementor-element elementor-element-aa827b8 elementor-widget elementor-widget-spacer\" data-id=\"aa827b8\" data-element_type=\"widget\" data-widget_type=\"spacer.default\">\n\t\t\t\t<div class=\"elementor-widget-container\">\n\t\t\t\t\t<div class=\"elementor-spacer\">\n\t\t\t<div class=\"elementor-spacer-inner\"><\/div>\n\t\t<\/div>\n\t\t\t\t<\/div>\n\t\t\t\t<\/div>\n\t\t\t\t<div class=\"elementor-element elementor-element-1bc69f8 elementor-widget elementor-widget-heading\" data-id=\"1bc69f8\" data-element_type=\"widget\" data-widget_type=\"heading.default\">\n\t\t\t\t<div class=\"elementor-widget-container\">\n\t\t\t<h2 class=\"elementor-heading-title elementor-size-default\">Support Elisa Aglae Gutierrez now!<\/h2>\t\t<\/div>\n\t\t\t\t<\/div>\n\t\t\t\t\t<\/div>\n\t\t<\/div>\n\t\t\t\t\t\t\t<\/div>\n\t\t<\/section>\n\t\t\t\t\t\t\t<\/div>","protected":false},"excerpt":{"rendered":"<p>Elisa Aglae Guti\u00e9rrez Alonso CrossFit Elisa Aglae Guti\u00e9rrez Alonso, nacida el 20 de abril de 1988 en M\u00e9xico, es una atleta de crossfit y coach deportivo. Con una Licenciatura en Administraci\u00f3n de Empresas con especialidad en comercializaci\u00f3n, ha demostrado una destacada trayectoria tanto en el \u00e1mbito profesional como en el deportivo. Fecha de Nacimiento20 de [&hellip;]<\/p>","protected":false},"author":1,"featured_media":3174,"parent":2113,"menu_order":-1,"comment_status":"closed","ping_status":"closed","template":"page-templates\/full-width-page.php","meta":{"om_disable_all_campaigns":false,"_monsterinsights_skip_tracking":false,"_monsterinsights_sitenote_active":false,"_monsterinsights_sitenote_note":"","_monsterinsights_sitenote_category":0,"footnotes":""},"categories":[133],"tags":[159,144,160],"class_list":["post-2834","page","type-page","status-publish","has-post-thumbnail","hentry","category-atletas","tag-elisa-aglae-gutierrez-alonso","tag-mujeres-crossfiteras","tag-mujeres-guerreras"],"acf":[],"aioseo_notices":[],"_links":{"self":[{"href":"https:\/\/corremartin.com\/en\/wp-json\/wp\/v2\/pages\/2834","targetHints":{"allow":["GET"]}}],"collection":[{"href":"https:\/\/corremartin.com\/en\/wp-json\/wp\/v2\/pages"}],"about":[{"href":"https:\/\/corremartin.com\/en\/wp-json\/wp\/v2\/types\/page"}],"author":[{"embeddable":true,"href":"https:\/\/corremartin.com\/en\/wp-json\/wp\/v2\/users\/1"}],"replies":[{"embeddable":true,"href":"https:\/\/corremartin.com\/en\/wp-json\/wp\/v2\/comments?post=2834"}],"version-history":[{"count":93,"href":"https:\/\/corremartin.com\/en\/wp-json\/wp\/v2\/pages\/2834\/revisions"}],"predecessor-version":[{"id":3716,"href":"https:\/\/corremartin.com\/en\/wp-json\/wp\/v2\/pages\/2834\/revisions\/3716"}],"up":[{"embeddable":true,"href":"https:\/\/corremartin.com\/en\/wp-json\/wp\/v2\/pages\/2113"}],"wp:featuredmedia":[{"embeddable":true,"href":"https:\/\/corremartin.com\/en\/wp-json\/wp\/v2\/media\/3174"}],"wp:attachment":[{"href":"https:\/\/corremartin.com\/en\/wp-json\/wp\/v2\/media?parent=2834"}],"wp:term":[{"taxonomy":"category","embeddable":true,"href":"https:\/\/corremartin.com\/en\/wp-json\/wp\/v2\/categories?post=2834"},{"taxonomy":"post_tag","embeddable":true,"href":"https:\/\/corremartin.com\/en\/wp-json\/wp\/v2\/tags?post=2834"}],"curies":[{"name":"wp","href":"https:\/\/api.w.org\/{rel}","templated":true}]}}